{"id":1652,"date":"2022-06-16T19:33:05","date_gmt":"2022-06-16T17:33:05","guid":{"rendered":"https:\/\/d-avoir-trop-trinque-ma-vie-s-est-arretee.com\/?page_id=1652"},"modified":"2022-06-17T18:32:18","modified_gmt":"2022-06-17T16:32:18","slug":"a-propos-des-auteurs","status":"publish","type":"page","link":"https:\/\/d-avoir-trop-trinque-ma-vie-s-est-arretee.com\/index.php\/a-propos-des-auteurs\/","title":{"rendered":"A propos des Auteurs"},"content":{"rendered":"\t\t<div data-elementor-type=\"wp-page\" data-elementor-id=\"1652\" class=\"elementor elementor-1652\">\n\t\t\t\t\t\t\t\t\t<section class=\"elementor-section elementor-top-section elementor-element elementor-element-57875766 elementor-section-boxed elementor-section-height-default elementor-section-height-default\" data-id=\"57875766\" data-element_type=\"section\">\n\t\t\t\t\t\t<div class=\"elementor-container elementor-column-gap-default\">\n\t\t\t\t\t<div class=\"elementor-column elementor-col-100 elementor-top-column elementor-element elementor-element-34276182\" data-id=\"34276182\" data-element_type=\"column\">\n\t\t\t<div class=\"elementor-widget-wrap elementor-element-populated\">\n\t\t\t\t\t\t\t\t<div class=\"elementor-element elementor-element-542d46e7 elementor-widget elementor-widget-heading\" data-id=\"542d46e7\" data-element_type=\"widget\" data-widget_type=\"heading.default\">\n\t\t\t\t<div class=\"elementor-widget-container\">\n\t\t\t<style>\/*! elementor - v3.6.6 - 08-06-2022 *\/\n.elementor-heading-title{padding:0;margin:0;line-height:1}.elementor-widget-heading .elementor-heading-title[class*=elementor-size-]>a{color:inherit;font-size:inherit;line-height:inherit}.elementor-widget-heading .elementor-heading-title.elementor-size-small{font-size:15px}.elementor-widget-heading .elementor-heading-title.elementor-size-medium{font-size:19px}.elementor-widget-heading .elementor-heading-title.elementor-size-large{font-size:29px}.elementor-widget-heading .elementor-heading-title.elementor-size-xl{font-size:39px}.elementor-widget-heading .elementor-heading-title.elementor-size-xxl{font-size:59px}<\/style><h2 class=\"elementor-heading-title elementor-size-default\">A propos des auteurs<\/h2>\t\t<\/div>\n\t\t\t\t<\/div>\n\t\t\t\t\t<\/div>\n\t\t<\/div>\n\t\t\t\t\t\t\t<\/div>\n\t\t<\/section>\n\t\t\t\t<section class=\"elementor-section elementor-top-section elementor-element elementor-element-8e266e9 elementor-section-boxed elementor-section-height-default elementor-section-height-default\" data-id=\"8e266e9\" data-element_type=\"section\" data-settings=\"{&quot;background_background&quot;:&quot;classic&quot;}\">\n\t\t\t\t\t\t<div class=\"elementor-container elementor-column-gap-default\">\n\t\t\t\t\t<div class=\"elementor-column elementor-col-100 elementor-top-column elementor-element elementor-element-69a2cd1\" data-id=\"69a2cd1\" data-element_type=\"column\">\n\t\t\t<div class=\"elementor-widget-wrap elementor-element-populated\">\n\t\t\t\t\t\t\t\t<div class=\"elementor-element elementor-element-f8ab52c elementor-widget elementor-widget-text-editor\" data-id=\"f8ab52c\" data-element_type=\"widget\" data-widget_type=\"text-editor.default\">\n\t\t\t\t<div class=\"elementor-widget-container\">\n\t\t\t<style>\/*! elementor - v3.6.6 - 08-06-2022 *\/\n.elementor-widget-text-editor.elementor-drop-cap-view-stacked .elementor-drop-cap{background-color:#818a91;color:#fff}.elementor-widget-text-editor.elementor-drop-cap-view-framed .elementor-drop-cap{color:#818a91;border:3px solid;background-color:transparent}.elementor-widget-text-editor:not(.elementor-drop-cap-view-default) .elementor-drop-cap{margin-top:8px}.elementor-widget-text-editor:not(.elementor-drop-cap-view-default) .elementor-drop-cap-letter{width:1em;height:1em}.elementor-widget-text-editor .elementor-drop-cap{float:left;text-align:center;line-height:1;font-size:50px}.elementor-widget-text-editor .elementor-drop-cap-letter{display:inline-block}<\/style>\t\t\t\t<figure id=\"attachment_247\" aria-describedby=\"caption-attachment-247\" style=\"width: 175px\" class=\"wp-caption alignleft\"><img loading=\"lazy\" class=\"wp-image-247 size-medium\" src=\"https:\/\/d-avoir-trop-trinque-ma-vie-s-est-arretee.com\/wp-content\/uploads\/2020\/11\/judith.visuel-davoir-trop-trinque-175x300.jpg\" alt=\"\" width=\"175\" height=\"300\" srcset=\"https:\/\/d-avoir-trop-trinque-ma-vie-s-est-arretee.com\/wp-content\/uploads\/2020\/11\/judith.visuel-davoir-trop-trinque-175x300.jpg 175w, https:\/\/d-avoir-trop-trinque-ma-vie-s-est-arretee.com\/wp-content\/uploads\/2020\/11\/judith.visuel-davoir-trop-trinque-600x1027.jpg 600w, https:\/\/d-avoir-trop-trinque-ma-vie-s-est-arretee.com\/wp-content\/uploads\/2020\/11\/judith.visuel-davoir-trop-trinque-599x1024.jpg 599w, https:\/\/d-avoir-trop-trinque-ma-vie-s-est-arretee.com\/wp-content\/uploads\/2020\/11\/judith.visuel-davoir-trop-trinque-768x1314.jpg 768w, https:\/\/d-avoir-trop-trinque-ma-vie-s-est-arretee.com\/wp-content\/uploads\/2020\/11\/judith.visuel-davoir-trop-trinque-898x1536.jpg 898w, https:\/\/d-avoir-trop-trinque-ma-vie-s-est-arretee.com\/wp-content\/uploads\/2020\/11\/judith.visuel-davoir-trop-trinque-68x116.jpg 68w, https:\/\/d-avoir-trop-trinque-ma-vie-s-est-arretee.com\/wp-content\/uploads\/2020\/11\/judith.visuel-davoir-trop-trinque.jpg 1024w\" sizes=\"(max-width: 175px) 100vw, 175px\" \/><figcaption id=\"caption-attachment-247\" class=\"wp-caption-text\">Judith Lossmann, auteure D&rsquo;avoir trop trinqu\u00e9 ma vie s&rsquo;est arr\u00eat\u00e9e. \u00a9Lo\u00efc Ducrey<\/figcaption><\/figure><p><b>JUDITH LOSSMANN : Des parents de feuilles aux enfants de papier !<br \/><\/b><\/p><p><b>Journaliste, auteure, sc\u00e9nariste je vis dans un univers de mots. Voil\u00e0 pour la partie visible de l&rsquo;iceberg !<\/b><\/p><p>On dit de moi bien des choses que je suis une z\u00e8bre par exemple ! Pas l\u2019animal \u00e0 rayures que vous imaginez, bien que cela ne m\u2019aurait pas g\u00ean\u00e9e mais une adulte dont les capacit\u00e9s intellectuelles pr\u00e9coces n\u2019ont pas \u00e9t\u00e9 d\u00e9tect\u00e9es \u00e0 l\u2019enfance, ni \u00e0 l\u2019adolescence. S\u2019en sont suivies des exp\u00e9riences toujours plus nombreuses\u2026 Ma curiosit\u00e9 \u2013 toujours au beau fixe aujourd\u2019hui \u2013 m\u2019entra\u00eenant dans des sph\u00e8res diverses et vari\u00e9es. Je m\u2019int\u00e9ressais \u00e0 tout. Le lundi, je voulais \u00eatre chimiste. Le mardi architecte. Le mercredi professeur de litt\u00e9rature. Le jeudi v\u00e9t\u00e9rinaire. Le vendredi exobiologiste. Le samedi romanci\u00e8re. Le dimanche journaliste\u2026 ou avocate. Finalement apr\u00e8s des \u00e9tudes de lettres, de cin\u00e9ma et une formation ad\u00e9quate, je suis devenue journaliste. Quand on est curieuse de tout, c\u2019est le plus beau des m\u00e9tiers !<\/p><p><b>Dans les faits, les livres ont \u00e9t\u00e9 mes seuls v\u00e9ritables parents\u2026<br \/><\/b>Non d\u00e9sir\u00e9e, amput\u00e9e d\u2019un p\u00e8re avant m\u00eame ma naissance, mal aim\u00e9e par une m\u00e8re \u00e9lev\u00e9e \u00e0 la Dass, je ne pouvais pas attendre grand-chose d\u2019un \u00e9change familial. J\u2019ai assez vite compris combien lecture et \u00e9criture seraient \u00e9ducatives et salvatrices pour moi. Je me suis construite toute seule\u2026 ou plut\u00f4t entour\u00e9e de mes parents de feuilles. J\u2019ai lu. Lu encore. Lu toujours. Lu des milliers de livres. Tels des parents, des cousins, des fr\u00e8res, ils m\u2019ont \u00e9lev\u00e9e, \u00e9duqu\u00e9e, instruite, fait grandir. Gr\u00e2ce \u00e0 eux, je dirige une agence litt\u00e9raire pour m&rsquo;adonner \u00e0 ma passion des mots, \u00e9crire et faire \u00e9crire.<\/p><p>Les<b> mots pour les maux pour les \u00e9motions\u2026<\/b><br \/>Petit \u00e0 petit, j\u2019ai eu l\u2019id\u00e9e, l\u2019envie, le besoin de cr\u00e9er une m\u00e9thode d\u2019approche des souffrances physiques et psychologiques et d\u2019un moyen de s\u2019en lib\u00e9rer par une th\u00e9rapie narrative. Je lui ai donn\u00e9 un nom facile \u00e0 comprendre : Litt\u00e9roTh\u00e9rapie. Pour \u00ab inventer \u00bb la Litt\u00e9roTh\u00e9rapie, fonder la m\u00e9thode et valider mes recherches sur le pouvoir conscient et inconscient des mots, je me suis appuy\u00e9e sur la lecture de mes milliers de livres et atteindre les fameuses 10.000 heures de pratique qui valident les savoirs.<\/p><p><b>Un ou deux petits d\u00e9tails\u2026<\/b><br \/>Au fil de mes p\u00e9r\u00e9grinations, j\u2019ai travaill\u00e9 pour de grands Groupes et pour de toutes petites soci\u00e9t\u00e9s. Je suis devenue journaliste et \u00e9ditrice. J\u2019ai \u00e9crit des films. Simultan\u00e9ment, j\u2019ai orient\u00e9 de plus en plus ma vie personnelle sur la sauvegarde des autres : les animaux, les plantes, la plan\u00e8te\u2026 et bien s\u00fbr de celles et ceux qui souffrent, tant leur nombre est croissant.<\/p><p>En savoir plus sur mon travail d\u2019\u00e9criture : <a href=\"http:\/\/www.agence-litteraire.judith.lossmann.com\">www.agence-litteraire.judith.lossmann.com<\/a> ou <a href=\"http:\/\/www.litterotherapie.fr\">www.litterotherapie.fr<\/a> &#8211; Me contacter : <a href=\"mailto:judith.lossmann@orange.fr\">judith.lossmann@orange.fr<\/a><\/p>\t\t\t\t\t\t<\/div>\n\t\t\t\t<\/div>\n\t\t\t\t\t<\/div>\n\t\t<\/div>\n\t\t\t\t\t\t\t<\/div>\n\t\t<\/section>\n\t\t\t\t<section class=\"elementor-section elementor-top-section elementor-element elementor-element-c0af921 elementor-section-boxed elementor-section-height-default elementor-section-height-default\" data-id=\"c0af921\" data-element_type=\"section\" data-settings=\"{&quot;background_background&quot;:&quot;classic&quot;}\">\n\t\t\t\t\t\t<div class=\"elementor-container elementor-column-gap-default\">\n\t\t\t\t\t<div class=\"elementor-column elementor-col-100 elementor-top-column elementor-element elementor-element-16855a9\" data-id=\"16855a9\" data-element_type=\"column\">\n\t\t\t<div class=\"elementor-widget-wrap elementor-element-populated\">\n\t\t\t\t\t\t\t\t<div class=\"elementor-element elementor-element-c007442 elementor-widget elementor-widget-text-editor\" data-id=\"c007442\" data-element_type=\"widget\" data-widget_type=\"text-editor.default\">\n\t\t\t\t<div class=\"elementor-widget-container\">\n\t\t\t\t\t\t\t<figure id=\"attachment_1572\" aria-describedby=\"caption-attachment-1572\" style=\"width: 185px\" class=\"wp-caption alignright\"><img loading=\"lazy\" class=\"wp-image-1572 size-medium\" src=\"https:\/\/d-avoir-trop-trinque-ma-vie-s-est-arretee.com\/wp-content\/uploads\/2022\/06\/baptiste-mulliez-185x300.jpg\" alt=\"\" width=\"185\" height=\"300\" srcset=\"https:\/\/d-avoir-trop-trinque-ma-vie-s-est-arretee.com\/wp-content\/uploads\/2022\/06\/baptiste-mulliez-185x300.jpg 185w, https:\/\/d-avoir-trop-trinque-ma-vie-s-est-arretee.com\/wp-content\/uploads\/2022\/06\/baptiste-mulliez.jpg 449w\" sizes=\"(max-width: 185px) 100vw, 185px\" \/><figcaption id=\"caption-attachment-1572\" class=\"wp-caption-text\">Baptiste Mulliez, auteur D&rsquo;avoir trop trinqu\u00e9, ma vie s&rsquo;est arr\u00eat\u00e9e.<\/figcaption><\/figure><p style=\"text-align: center;\"><strong>BAPTISTE MULLIEZ : de l&rsquo;enfer de l&rsquo;inconscience \u00e0 la conscience !<\/strong><br \/><strong>Je ne pouvais pas \u00eatre qu&rsquo;un alcoolique et me r\u00e9sumer \u00e0 mes 10 ans de consommation effr\u00e9n\u00e9e !<\/strong><\/p><p>J&rsquo;\u00e9tais pr\u00e9destin\u00e9 \u00e0 \u00eatre un directeur commercial, un directeur du marketing, un banquier\u2026 quand je r\u00eavais d&rsquo;\u00eatre gardien de but dans une cage de foot.\u00a0Je ne suis ni l&rsquo;un ni l&rsquo;autre ! Entre les d\u00e9sirs des uns et les miens, alors qu&rsquo;autour de moi, toutes et tous se formaient pour devenir des rouages importants de la soci\u00e9t\u00e9, moi j\u2019ai fait une rencontre avec une invit\u00e9e surprise : la bouteille. Quand les autres\u00a0apprenaient\u00a0\u00e0 travailler, moi je buvais.\u00a0Quand les autres cr\u00e9aient des familles et faisaient des enfants, moi je buvais.<br \/>Cette invit\u00e9e a pris toute la place dans ma vie pendant 10 ans et avec elle des relations collat\u00e9rales dramatiques : mort, viol, ratage, survie, errance, solitude.\u00a0Est-ce que cette rencontre fut positive, n\u00e9gative, ind\u00e9sirable ? \u00a0A-t-elle\u00a0flingu\u00e9 ma vie ? \u00a0Si on regarde les choses de haut, on aurait envie de dire oui. Mais en rentrant dans le d\u00e9tail, non !\u00a0Parce que mon alcoolisme m&rsquo;a appris tout ce que beaucoup ignorent d&rsquo;eux-m\u00eames.\u00a0Parce que mon alcoolisme a \u00e9t\u00e9 le prix \u00e0 payer pour apprendre \u00e0 vivre avec moi-m\u00eame.\u00a0Parce que mon abstinence et, dans son s\u00e9rail, le travail d&rsquo;analyse et de Litt\u00e9roTh\u00e9rapie m&rsquo;en ont appris sur moi bien plus que toutes les formations r\u00e9unies.<\/p><p><strong>Mon alcoolisme n\u2019a pas flingu\u00e9 ma vie, il l\u2019a r\u00e9orient\u00e9e\u2026<\/strong><br \/>Avec Judith Lossmann, on a produit un livre : Fragments d&rsquo;alcool. Il raconte la th\u00e9rapie. Puis, on a \u00e9crit \u00ab D\u2019avoir trop trinqu\u00e9 ma vie s\u2019est arr\u00eat\u00e9e \u00bb. Pourquoi ? Pour partager l\u2019exp\u00e9rience de l&rsquo;addiction et de la sobri\u00e9t\u00e9, pour diffuser au plus grand nombre, pour alerter les pouvoirs publics, pour que l\u2019alcoolisme soit reconnu comme une maladie et pas comme une tare, pour prouver que m\u00eame tr\u00e8s bien n\u00e9 comme moi, on peut finir dans le caniveau.<\/p><p><strong>Non, je ne pouvais pas \u00eatre qu&rsquo;un alcoolique !\u2026<\/strong><br \/>Quand \u00e0 la lueur incertaine de ma toute nouvelle abstinence, la n\u00e9cessit\u00e9 absolue de partager mon parcours d\u00e9cadent s&rsquo;est impos\u00e9e, j&rsquo;ai d\u00e9cid\u00e9 de mettre en mots la douleur de mes maux et de mes \u00e9motions.\u00a0Je voulais t\u00e9moigner de mon statut d\u2019alcoolique jeune. Je voulais \u00e9crire pour ma g\u00e9n\u00e9ration. Hier, j\u2019e\u0301tais alcoolique consommateur.\u00a0Aujourd\u2019hui, je suis acteur de ma maladie alcoolique, je suis Patient Expert. Hier, j\u2019e\u0301tais alcoolique consommateur. Aujourd\u2019hui, alcoolique abstinent, je sais ou\u0300 je veux aller, qui je veux e\u0302tre.<\/p><p><strong>Aujourd&rsquo;hui et demain\u2026<\/strong><br \/>Mes ann\u00e9es\u00a0d&rsquo;abstinence\u00a0conjugu\u00e9es \u00e0 ces trois ans de travail vont me conduire, je l\u2019esp\u00e8re, \u00e0 devenir une voix audible sur une th\u00e9matique v\u00e9cue dans\u00a0ma chair. La Litt\u00e9roTh\u00e9rapie et ces deux livres rattrapent les dix ans d\u2019\u00e9tudes des autres. Ils sont les socles de ma future vie que je souhaite mettre au service de toutes celles et ceux qui en ont besoin.<\/p><blockquote><p>Vous vous sentez seul face \u00e0 votre consommation ou impuissant face \u00e0 celle d\u2019un proche ?\u00a0Contactez-moi : <span style=\"color: #999999;\"><a style=\"color: #999999;\" href=\"mailto:baptistemulliez1@gmail.com\">baptistemulliez1@gmail.com<\/a><\/span> &#8211;\u00a0Sur Instagram :\u00a0<span style=\"color: #999999;\"><a style=\"color: #999999;\" href=\"https:\/\/www.instagram.com\/mulliezbaptiste\/\">@mulliezbaptiste<\/a><\/span><\/p><\/blockquote>\t\t\t\t\t\t<\/div>\n\t\t\t\t<\/div>\n\t\t\t\t\t<\/div>\n\t\t<\/div>\n\t\t\t\t\t\t\t<\/div>\n\t\t<\/section>\n\t\t\t\t\t\t\t<\/div>\n\t\t","protected":false},"excerpt":{"rendered":"<p>A propos des auteurs JUDITH LOSSMANN : Des parents de feuilles aux enfants de papier ! Journaliste, auteure, sc\u00e9nariste je vis dans un univers de mots. Voil\u00e0 pour la partie visible de l&rsquo;iceberg ! On dit de moi bien des choses que je suis une z\u00e8bre par exemple ! Pas l\u2019animal \u00e0 rayures que vous [&hellip;]<\/p>\n","protected":false},"author":5,"featured_media":0,"parent":0,"menu_order":0,"comment_status":"closed","ping_status":"closed","template":"elementor_header_footer","meta":[],"yoast_head":"<!-- This site is optimized with the Yoast SEO plugin v19.14 - https:\/\/yoast.com\/wordpress\/plugins\/seo\/ -->\n<title>A propos des Auteurs - D&#039;avoir trop trinqu\u00e9 ma vie s&#039;est arr\u00eat\u00e9e - Baptiste Mulliez &amp; Judith Lossmann<\/title>\n<meta name=\"robots\" content=\"index, follow, max-snippet:-1, max-image-preview:large, max-video-preview:-1\" \/>\n<link rel=\"canonical\" href=\"https:\/\/d-avoir-trop-trinque-ma-vie-s-est-arretee.com\/index.php\/a-propos-des-auteurs\/\" \/>\n<meta property=\"og:locale\" content=\"fr_FR\" \/>\n<meta property=\"og:type\" content=\"article\" \/>\n<meta property=\"og:title\" content=\"A propos des Auteurs - D&#039;avoir trop trinqu\u00e9 ma vie s&#039;est arr\u00eat\u00e9e - Baptiste Mulliez &amp; Judith Lossmann\" \/>\n<meta property=\"og:description\" content=\"A propos des auteurs JUDITH LOSSMANN : Des parents de feuilles aux enfants de papier ! Journaliste, auteure, sc\u00e9nariste je vis dans un univers de mots. Voil\u00e0 pour la partie visible de l&rsquo;iceberg ! On dit de moi bien des choses que je suis une z\u00e8bre par exemple ! Pas l\u2019animal \u00e0 rayures que vous [&hellip;]\" \/>\n<meta property=\"og:url\" content=\"https:\/\/d-avoir-trop-trinque-ma-vie-s-est-arretee.com\/index.php\/a-propos-des-auteurs\/\" \/>\n<meta property=\"og:site_name\" content=\"D&#039;avoir trop trinqu\u00e9 ma vie s&#039;est arr\u00eat\u00e9e - Baptiste Mulliez &amp; Judith Lossmann\" \/>\n<meta property=\"article:modified_time\" content=\"2022-06-17T16:32:18+00:00\" \/>\n<meta property=\"og:image\" content=\"https:\/\/d-avoir-trop-trinque-ma-vie-s-est-arretee.com\/wp-content\/uploads\/2020\/11\/judith.visuel-davoir-trop-trinque-175x300.jpg\" \/>\n<meta name=\"twitter:card\" content=\"summary_large_image\" \/>\n<meta name=\"twitter:label1\" content=\"Dur\u00e9e de lecture estim\u00e9e\" \/>\n\t<meta name=\"twitter:data1\" content=\"6 minutes\" \/>\n<script type=\"application\/ld+json\" class=\"yoast-schema-graph\">{\"@context\":\"https:\/\/schema.org\",\"@graph\":[{\"@type\":\"WebPage\",\"@id\":\"https:\/\/d-avoir-trop-trinque-ma-vie-s-est-arretee.com\/index.php\/a-propos-des-auteurs\/\",\"url\":\"https:\/\/d-avoir-trop-trinque-ma-vie-s-est-arretee.com\/index.php\/a-propos-des-auteurs\/\",\"name\":\"A propos des Auteurs - D&#039;avoir trop trinqu\u00e9 ma vie s&#039;est arr\u00eat\u00e9e - Baptiste Mulliez &amp; Judith Lossmann\",\"isPartOf\":{\"@id\":\"https:\/\/d-avoir-trop-trinque-ma-vie-s-est-arretee.com\/#website\"},\"datePublished\":\"2022-06-16T17:33:05+00:00\",\"dateModified\":\"2022-06-17T16:32:18+00:00\",\"breadcrumb\":{\"@id\":\"https:\/\/d-avoir-trop-trinque-ma-vie-s-est-arretee.com\/index.php\/a-propos-des-auteurs\/#breadcrumb\"},\"inLanguage\":\"fr-FR\",\"potentialAction\":[{\"@type\":\"ReadAction\",\"target\":[\"https:\/\/d-avoir-trop-trinque-ma-vie-s-est-arretee.com\/index.php\/a-propos-des-auteurs\/\"]}]},{\"@type\":\"BreadcrumbList\",\"@id\":\"https:\/\/d-avoir-trop-trinque-ma-vie-s-est-arretee.com\/index.php\/a-propos-des-auteurs\/#breadcrumb\",\"itemListElement\":[{\"@type\":\"ListItem\",\"position\":1,\"name\":\"Accueil\",\"item\":\"https:\/\/d-avoir-trop-trinque-ma-vie-s-est-arretee.com\/\"},{\"@type\":\"ListItem\",\"position\":2,\"name\":\"A propos des Auteurs\"}]},{\"@type\":\"WebSite\",\"@id\":\"https:\/\/d-avoir-trop-trinque-ma-vie-s-est-arretee.com\/#website\",\"url\":\"https:\/\/d-avoir-trop-trinque-ma-vie-s-est-arretee.com\/\",\"name\":\"D&#039;avoir trop trinqu\u00e9 ma vie s&#039;est arr\u00eat\u00e9e - Baptiste Mulliez &amp; Judith Lossmann\",\"description\":\"\",\"potentialAction\":[{\"@type\":\"SearchAction\",\"target\":{\"@type\":\"EntryPoint\",\"urlTemplate\":\"https:\/\/d-avoir-trop-trinque-ma-vie-s-est-arretee.com\/?s={search_term_string}\"},\"query-input\":\"required name=search_term_string\"}],\"inLanguage\":\"fr-FR\"}]}<\/script>\n<!-- \/ Yoast SEO plugin. -->","yoast_head_json":{"title":"A propos des Auteurs - D&#039;avoir trop trinqu\u00e9 ma vie s&#039;est arr\u00eat\u00e9e - Baptiste Mulliez &amp; Judith Lossmann","robots":{"index":"index","follow":"follow","max-snippet":"max-snippet:-1","max-image-preview":"max-image-preview:large","max-video-preview":"max-video-preview:-1"},"canonical":"https:\/\/d-avoir-trop-trinque-ma-vie-s-est-arretee.com\/index.php\/a-propos-des-auteurs\/","og_locale":"fr_FR","og_type":"article","og_title":"A propos des Auteurs - D&#039;avoir trop trinqu\u00e9 ma vie s&#039;est arr\u00eat\u00e9e - Baptiste Mulliez &amp; Judith Lossmann","og_description":"A propos des auteurs JUDITH LOSSMANN : Des parents de feuilles aux enfants de papier ! Journaliste, auteure, sc\u00e9nariste je vis dans un univers de mots. Voil\u00e0 pour la partie visible de l&rsquo;iceberg ! On dit de moi bien des choses que je suis une z\u00e8bre par exemple ! Pas l\u2019animal \u00e0 rayures que vous [&hellip;]","og_url":"https:\/\/d-avoir-trop-trinque-ma-vie-s-est-arretee.com\/index.php\/a-propos-des-auteurs\/","og_site_name":"D&#039;avoir trop trinqu\u00e9 ma vie s&#039;est arr\u00eat\u00e9e - Baptiste Mulliez &amp; Judith Lossmann","article_modified_time":"2022-06-17T16:32:18+00:00","og_image":[{"url":"https:\/\/d-avoir-trop-trinque-ma-vie-s-est-arretee.com\/wp-content\/uploads\/2020\/11\/judith.visuel-davoir-trop-trinque-175x300.jpg"}],"twitter_card":"summary_large_image","twitter_misc":{"Dur\u00e9e de lecture estim\u00e9e":"6 minutes"},"schema":{"@context":"https:\/\/schema.org","@graph":[{"@type":"WebPage","@id":"https:\/\/d-avoir-trop-trinque-ma-vie-s-est-arretee.com\/index.php\/a-propos-des-auteurs\/","url":"https:\/\/d-avoir-trop-trinque-ma-vie-s-est-arretee.com\/index.php\/a-propos-des-auteurs\/","name":"A propos des Auteurs - D&#039;avoir trop trinqu\u00e9 ma vie s&#039;est arr\u00eat\u00e9e - Baptiste Mulliez &amp; Judith Lossmann","isPartOf":{"@id":"https:\/\/d-avoir-trop-trinque-ma-vie-s-est-arretee.com\/#website"},"datePublished":"2022-06-16T17:33:05+00:00","dateModified":"2022-06-17T16:32:18+00:00","breadcrumb":{"@id":"https:\/\/d-avoir-trop-trinque-ma-vie-s-est-arretee.com\/index.php\/a-propos-des-auteurs\/#breadcrumb"},"inLanguage":"fr-FR","potentialAction":[{"@type":"ReadAction","target":["https:\/\/d-avoir-trop-trinque-ma-vie-s-est-arretee.com\/index.php\/a-propos-des-auteurs\/"]}]},{"@type":"BreadcrumbList","@id":"https:\/\/d-avoir-trop-trinque-ma-vie-s-est-arretee.com\/index.php\/a-propos-des-auteurs\/#breadcrumb","itemListElement":[{"@type":"ListItem","position":1,"name":"Accueil","item":"https:\/\/d-avoir-trop-trinque-ma-vie-s-est-arretee.com\/"},{"@type":"ListItem","position":2,"name":"A propos des Auteurs"}]},{"@type":"WebSite","@id":"https:\/\/d-avoir-trop-trinque-ma-vie-s-est-arretee.com\/#website","url":"https:\/\/d-avoir-trop-trinque-ma-vie-s-est-arretee.com\/","name":"D&#039;avoir trop trinqu\u00e9 ma vie s&#039;est arr\u00eat\u00e9e - Baptiste Mulliez &amp; Judith Lossmann","description":"","potentialAction":[{"@type":"SearchAction","target":{"@type":"EntryPoint","urlTemplate":"https:\/\/d-avoir-trop-trinque-ma-vie-s-est-arretee.com\/?s={search_term_string}"},"query-input":"required name=search_term_string"}],"inLanguage":"fr-FR"}]}},"_links":{"self":[{"href":"https:\/\/d-avoir-trop-trinque-ma-vie-s-est-arretee.com\/index.php\/wp-json\/wp\/v2\/pages\/1652"}],"collection":[{"href":"https:\/\/d-avoir-trop-trinque-ma-vie-s-est-arretee.com\/index.php\/wp-json\/wp\/v2\/pages"}],"about":[{"href":"https:\/\/d-avoir-trop-trinque-ma-vie-s-est-arretee.com\/index.php\/wp-json\/wp\/v2\/types\/page"}],"author":[{"embeddable":true,"href":"https:\/\/d-avoir-trop-trinque-ma-vie-s-est-arretee.com\/index.php\/wp-json\/wp\/v2\/users\/5"}],"replies":[{"embeddable":true,"href":"https:\/\/d-avoir-trop-trinque-ma-vie-s-est-arretee.com\/index.php\/wp-json\/wp\/v2\/comments?post=1652"}],"version-history":[{"count":65,"href":"https:\/\/d-avoir-trop-trinque-ma-vie-s-est-arretee.com\/index.php\/wp-json\/wp\/v2\/pages\/1652\/revisions"}],"predecessor-version":[{"id":2619,"href":"https:\/\/d-avoir-trop-trinque-ma-vie-s-est-arretee.com\/index.php\/wp-json\/wp\/v2\/pages\/1652\/revisions\/2619"}],"wp:attachment":[{"href":"https:\/\/d-avoir-trop-trinque-ma-vie-s-est-arretee.com\/index.php\/wp-json\/wp\/v2\/media?parent=1652"}],"curies":[{"name":"wp","href":"https:\/\/api.w.org\/{rel}","templated":true}]}}