{"id":1832,"date":"2022-06-17T10:31:57","date_gmt":"2022-06-17T08:31:57","guid":{"rendered":"https:\/\/d-avoir-trop-trinque-ma-vie-s-est-arretee.com\/?page_id=1832"},"modified":"2022-06-20T09:16:03","modified_gmt":"2022-06-20T07:16:03","slug":"extraits-choisis","status":"publish","type":"page","link":"https:\/\/d-avoir-trop-trinque-ma-vie-s-est-arretee.com\/index.php\/extraits-choisis\/","title":{"rendered":"Extraits choisis"},"content":{"rendered":"\t\t<div data-elementor-type=\"wp-page\" data-elementor-id=\"1832\" class=\"elementor elementor-1832\">\n\t\t\t\t\t\t\t\t\t<section class=\"elementor-section elementor-top-section elementor-element elementor-element-13d9a4e3 elementor-section-boxed elementor-section-height-default elementor-section-height-default\" data-id=\"13d9a4e3\" data-element_type=\"section\">\n\t\t\t\t\t\t<div class=\"elementor-container elementor-column-gap-default\">\n\t\t\t\t\t<div class=\"elementor-column elementor-col-100 elementor-top-column elementor-element elementor-element-307bb939\" data-id=\"307bb939\" data-element_type=\"column\">\n\t\t\t<div class=\"elementor-widget-wrap elementor-element-populated\">\n\t\t\t\t\t\t\t\t<div class=\"elementor-element elementor-element-571d24c0 elementor-widget elementor-widget-heading\" data-id=\"571d24c0\" data-element_type=\"widget\" data-widget_type=\"heading.default\">\n\t\t\t\t<div class=\"elementor-widget-container\">\n\t\t\t<style>\/*! elementor - v3.6.6 - 08-06-2022 *\/\n.elementor-heading-title{padding:0;margin:0;line-height:1}.elementor-widget-heading .elementor-heading-title[class*=elementor-size-]>a{color:inherit;font-size:inherit;line-height:inherit}.elementor-widget-heading .elementor-heading-title.elementor-size-small{font-size:15px}.elementor-widget-heading .elementor-heading-title.elementor-size-medium{font-size:19px}.elementor-widget-heading .elementor-heading-title.elementor-size-large{font-size:29px}.elementor-widget-heading .elementor-heading-title.elementor-size-xl{font-size:39px}.elementor-widget-heading .elementor-heading-title.elementor-size-xxl{font-size:59px}<\/style><h2 class=\"elementor-heading-title elementor-size-default\">extraits choisis<\/h2>\t\t<\/div>\n\t\t\t\t<\/div>\n\t\t\t\t\t<\/div>\n\t\t<\/div>\n\t\t\t\t\t\t\t<\/div>\n\t\t<\/section>\n\t\t\t\t<section class=\"elementor-section elementor-top-section elementor-element elementor-element-cd133a5 elementor-section-boxed elementor-section-height-default elementor-section-height-default\" data-id=\"cd133a5\" data-element_type=\"section\" data-settings=\"{&quot;background_background&quot;:&quot;classic&quot;}\">\n\t\t\t\t\t\t<div class=\"elementor-container elementor-column-gap-default\">\n\t\t\t\t\t<div class=\"elementor-column elementor-col-100 elementor-top-column elementor-element elementor-element-27d9f77\" data-id=\"27d9f77\" data-element_type=\"column\">\n\t\t\t<div class=\"elementor-widget-wrap elementor-element-populated\">\n\t\t\t\t\t\t\t\t<div class=\"elementor-element elementor-element-a4f3017 elementor-widget elementor-widget-heading\" data-id=\"a4f3017\" data-element_type=\"widget\" data-widget_type=\"heading.default\">\n\t\t\t\t<div class=\"elementor-widget-container\">\n\t\t\t<h2 class=\"elementor-heading-title elementor-size-default\">Temps un : les origines<\/h2>\t\t<\/div>\n\t\t\t\t<\/div>\n\t\t\t\t<div class=\"elementor-element elementor-element-500ce52 elementor-widget elementor-widget-text-editor\" data-id=\"500ce52\" data-element_type=\"widget\" data-widget_type=\"text-editor.default\">\n\t\t\t\t<div class=\"elementor-widget-container\">\n\t\t\t<style>\/*! elementor - v3.6.6 - 08-06-2022 *\/\n.elementor-widget-text-editor.elementor-drop-cap-view-stacked .elementor-drop-cap{background-color:#818a91;color:#fff}.elementor-widget-text-editor.elementor-drop-cap-view-framed .elementor-drop-cap{color:#818a91;border:3px solid;background-color:transparent}.elementor-widget-text-editor:not(.elementor-drop-cap-view-default) .elementor-drop-cap{margin-top:8px}.elementor-widget-text-editor:not(.elementor-drop-cap-view-default) .elementor-drop-cap-letter{width:1em;height:1em}.elementor-widget-text-editor .elementor-drop-cap{float:left;text-align:center;line-height:1;font-size:50px}.elementor-widget-text-editor .elementor-drop-cap-letter{display:inline-block}<\/style>\t\t\t\t<p>Londres ? (\u2026)<br \/>Est-ce l\u00e0 o\u00f9 tout a commenc\u00e9 ? (\u2026)<br \/>J\u2019ai d\u00e9test\u00e9 que Maman m\u2019arrache \u00e0 mon monde id\u00e9al.<br \/>***<\/p><p>Nous \u00e9tions l\u2019\u00e9lite intellectuelle de demain. (\u2026)<br \/>Jouer au foot aurait g\u00e2ch\u00e9 un potentiel.<br \/>***<\/p><p>J\u2019ai commenc\u00e9 \u00e0 boire comme tout le monde<br \/>mais j\u2019ignorais que mes cellules n\u2019\u00e9taient pas celles de tout le monde.<br \/>***<\/p><p>C\u00e9sar me tend la vodka. Je suis nerveux. Pas le temps de r\u00e9fl\u00e9chir. Pas le temps de me demander si j\u2019aimerai \u00e7a. On me prendrait pour une burne. Je n\u2019h\u00e9site pas une seconde de plus. Je prends une grande gorg\u00e9e. J\u2019avale. (\u2026) Le lendemain, sobre a\u0300 nouveau, l\u2019euphorie redescendait. (\u2026) Rien a\u0300 voir avec ma vie re\u0302ve\u0301e. Personne ne m\u2019enle\u0300vera l\u2019alcool !<br \/>***<\/p><p>Et si on avait bu seulement du jus d\u2019orange ?<br \/>***<\/p><p>Avant, chez nous, chez moi, les couleurs e\u0301taient pe\u0301tantes, tout brillait. Et la\u0300, comme si j\u2019avais de\u0301finitivement enfile\u0301 des lunettes a\u0300 vision nocturne, tout e\u0301tait monochrome, couleur de cendre. La lumie\u0300re s\u2019e\u0301tait e\u0301teinte.<br \/>***<\/p><p>Marseille fut un no man\u2019s land pour moi. Marseille fut une descente aux enfers. (\u2026) Oubliant de manger, de me doucher, j\u2019avais d\u2019autres priorite\u0301s. Boire.<br \/>***<\/p><p>Vraiment ?! Un vol de cinq heures dans cette carcasse grignote\u0301e par la rouille qui tombe en lambeaux ? Nous e\u0301tions serre\u0301s comme des sardines. C\u2019e\u0301tait su\u0302r, quelque chose allait nous arriver\u2026<br \/>***<\/p><p>Je me trai\u0302ne, je me pousse, de\u0301boussole\u0301. Il me colle au train. Je suis un animal traque\u0301. Je tourne a\u0300 gauche. Je tourne a\u0300 droite. Je suis sa proie. Il ne la laissera pas s\u2019e\u0301vader. Mes choix n\u2019ont aucun sens. Tout est irrationnel. Ses pas lourds frappent brutalement le bitume, le sol vibre sous ses enjambe\u0301es. Il se rapproche !<\/p>\t\t\t\t\t\t<\/div>\n\t\t\t\t<\/div>\n\t\t\t\t\t<\/div>\n\t\t<\/div>\n\t\t\t\t\t\t\t<\/div>\n\t\t<\/section>\n\t\t\t\t<section class=\"elementor-section elementor-top-section elementor-element elementor-element-8248cd3 elementor-section-boxed elementor-section-height-default elementor-section-height-default\" data-id=\"8248cd3\" data-element_type=\"section\" data-settings=\"{&quot;background_background&quot;:&quot;classic&quot;}\">\n\t\t\t\t\t\t<div class=\"elementor-container elementor-column-gap-default\">\n\t\t\t\t\t<div class=\"elementor-column elementor-col-100 elementor-top-column elementor-element elementor-element-6a9c9fc\" data-id=\"6a9c9fc\" data-element_type=\"column\">\n\t\t\t<div class=\"elementor-widget-wrap elementor-element-populated\">\n\t\t\t\t\t\t\t\t<div class=\"elementor-element elementor-element-42075d5 elementor-widget elementor-widget-heading\" data-id=\"42075d5\" data-element_type=\"widget\" data-widget_type=\"heading.default\">\n\t\t\t\t<div class=\"elementor-widget-container\">\n\t\t\t<h2 class=\"elementor-heading-title elementor-size-default\">Temps deux : l'ambivalence<\/h2>\t\t<\/div>\n\t\t\t\t<\/div>\n\t\t\t\t<div class=\"elementor-element elementor-element-7048c6b elementor-widget elementor-widget-text-editor\" data-id=\"7048c6b\" data-element_type=\"widget\" data-widget_type=\"text-editor.default\">\n\t\t\t\t<div class=\"elementor-widget-container\">\n\t\t\t\t\t\t\t<p>Me\u0302me si mes amis et ma famille sont mon piolet, mon harnais, me\u0302me si j\u2019accepte des mains pre\u0302te a\u0300 se\u0301cher mes larmes et d\u2019e\u0302tre serre\u0301 par des bras aimants, me\u0302me si je devine que la sobrie\u0301te\u0301 est le sommet, suis-je capable de renoncer aux vertus miraculeuses de l\u2019alcool ?<br \/>***<\/p><p>Putain, je connais cette voix !<br \/>Putain, je reconnais cette voix !<br \/>Une vague de frissons glace\u0301s parcourt mon corps. Cette voix habite ma te\u0302te depuis toujours.<br \/>Elle me harce\u0300le. Cette voix, c\u2019est celle de mes peurs.<br \/>***<\/p><p>Je suis en nage, (\u2026) je n\u2019ai pas la puissance pour lutter contre cette de\u0301mone. (\u2026) Je pre\u0301fe\u0300re boire que devoir me confronter a\u0300 c\u0327a !<br \/>***<\/p><p>J\u2019ai besoin de mes visiteurs (\u2026) Je n\u2019y arriverai pas sans eux. Je tombe a\u0300 genoux dans l\u2019herbe, accroche\u0301 a\u0300 mon banc vide. \u00ab \u2013 Hey, revenez ! \u00bb<br \/>***<\/p><p>Un Papa comme je ne l\u2019ai jamais vu, ni me\u0302me jamais imagine\u0301. Un Papa a\u0300 l\u2019allure zen, cool, de\u0301contracte\u0301e. J\u2019ignore par quel miracle il est devant moi a\u0300 cet instant. Je ne l\u2019avais pas vu depuis cinq ans.<\/p>\t\t\t\t\t\t<\/div>\n\t\t\t\t<\/div>\n\t\t\t\t\t<\/div>\n\t\t<\/div>\n\t\t\t\t\t\t\t<\/div>\n\t\t<\/section>\n\t\t\t\t<section class=\"elementor-section elementor-top-section elementor-element elementor-element-687f3cc elementor-section-boxed elementor-section-height-default elementor-section-height-default\" data-id=\"687f3cc\" data-element_type=\"section\" data-settings=\"{&quot;background_background&quot;:&quot;classic&quot;}\">\n\t\t\t\t\t\t<div class=\"elementor-container elementor-column-gap-default\">\n\t\t\t\t\t<div class=\"elementor-column elementor-col-100 elementor-top-column elementor-element elementor-element-4aa5daa\" data-id=\"4aa5daa\" data-element_type=\"column\">\n\t\t\t<div class=\"elementor-widget-wrap elementor-element-populated\">\n\t\t\t\t\t\t\t\t<div class=\"elementor-element elementor-element-e471098 elementor-widget elementor-widget-heading\" data-id=\"e471098\" data-element_type=\"widget\" data-widget_type=\"heading.default\">\n\t\t\t\t<div class=\"elementor-widget-container\">\n\t\t\t<h2 class=\"elementor-heading-title elementor-size-default\">Temps trois : la veroom<\/h2>\t\t<\/div>\n\t\t\t\t<\/div>\n\t\t\t\t<div class=\"elementor-element elementor-element-965a8e7 elementor-widget elementor-widget-text-editor\" data-id=\"965a8e7\" data-element_type=\"widget\" data-widget_type=\"text-editor.default\">\n\t\t\t\t<div class=\"elementor-widget-container\">\n\t\t\t\t\t\t\t<p>Ensemble (Baptiste et Judith), nous sortons de la loge. Je l\u2019accompagne dans les coulisses a\u0300 la frontie\u0300re de l\u2019obscur et de la lumie\u0300re. Je le regarde de dos avancer vers les murmures de la salle. Je veux le voir franchir ce dernier pas vers le public, vers son destin.<br \/>***<\/p><p>Dire lui a fait mal. Il a accepte\u0301 ses souffrances et s\u2019en est libe\u0301re\u0301. Ce livre, ce sont ses tripes. Les miennes aussi maintenant.<br \/>***<\/p><p>Il lui sera e\u0301ternellement reconnaissant de n\u2019avoir pas baisse\u0301 les bras, de ne pas avoir e\u0301te\u0301 abandonne\u0301. Depuis cette invitation, jour apre\u0300s jour, il s\u2019est rapproche\u0301 d\u2019elle. Sobre, il mesure qu\u2019elle lui est unique et pre\u0301cieuse. Sobre, il cre\u0301e enfin une relation avec sa me\u0300re. Elle est la\u0300, a\u0300 co\u0302te\u0301 de lui.<br \/>***<\/p><p>Avant la sobrie\u0301te\u0301, tout e\u0301tait e\u0301clate\u0301 dans sa vie, tout e\u0301tait dans tous les sens. Avec la sobrie\u0301te\u0301, la Litte\u0301roThe\u0301rapie, l\u2019e\u0301criture et aussi nos e\u0301changes, dit-il, il rentre dans l\u2019ordre, rentre dans la compre\u0301hension du sens. Il restructure, voit et comprend les interactions et les interrelations entre les choses, les gens, les sentiments, les actes\u2026 Je suis tellement heureuse de lui avoir transmis tout ce bagage enfoui en moi.<\/p>\t\t\t\t\t\t<\/div>\n\t\t\t\t<\/div>\n\t\t\t\t\t<\/div>\n\t\t<\/div>\n\t\t\t\t\t\t\t<\/div>\n\t\t<\/section>\n\t\t\t\t\t\t\t<\/div>\n\t\t","protected":false},"excerpt":{"rendered":"<p>extraits choisis Temps un : les origines Londres ? (\u2026)Est-ce l\u00e0 o\u00f9 tout a commenc\u00e9 ? (\u2026)J\u2019ai d\u00e9test\u00e9 que Maman m\u2019arrache \u00e0 mon monde id\u00e9al.*** Nous \u00e9tions l\u2019\u00e9lite intellectuelle de demain. (\u2026)Jouer au foot aurait g\u00e2ch\u00e9 un potentiel.*** J\u2019ai commenc\u00e9 \u00e0 boire comme tout le mondemais j\u2019ignorais que mes cellules n\u2019\u00e9taient pas celles de tout [&hellip;]<\/p>\n","protected":false},"author":5,"featured_media":0,"parent":0,"menu_order":0,"comment_status":"closed","ping_status":"closed","template":"elementor_header_footer","meta":[],"yoast_head":"<!-- This site is optimized with the Yoast SEO plugin v19.14 - https:\/\/yoast.com\/wordpress\/plugins\/seo\/ -->\n<title>Extraits choisis - D&#039;avoir trop trinqu\u00e9 ma vie s&#039;est arr\u00eat\u00e9e - Baptiste Mulliez &amp; Judith Lossmann<\/title>\n<meta name=\"robots\" content=\"index, follow, max-snippet:-1, max-image-preview:large, max-video-preview:-1\" \/>\n<link rel=\"canonical\" href=\"https:\/\/d-avoir-trop-trinque-ma-vie-s-est-arretee.com\/index.php\/extraits-choisis\/\" \/>\n<meta property=\"og:locale\" content=\"fr_FR\" \/>\n<meta property=\"og:type\" content=\"article\" \/>\n<meta property=\"og:title\" content=\"Extraits choisis - D&#039;avoir trop trinqu\u00e9 ma vie s&#039;est arr\u00eat\u00e9e - Baptiste Mulliez &amp; Judith Lossmann\" \/>\n<meta property=\"og:description\" content=\"extraits choisis Temps un : les origines Londres ? (\u2026)Est-ce l\u00e0 o\u00f9 tout a commenc\u00e9 ? (\u2026)J\u2019ai d\u00e9test\u00e9 que Maman m\u2019arrache \u00e0 mon monde id\u00e9al.*** Nous \u00e9tions l\u2019\u00e9lite intellectuelle de demain. (\u2026)Jouer au foot aurait g\u00e2ch\u00e9 un potentiel.*** J\u2019ai commenc\u00e9 \u00e0 boire comme tout le mondemais j\u2019ignorais que mes cellules n\u2019\u00e9taient pas celles de tout [&hellip;]\" \/>\n<meta property=\"og:url\" content=\"https:\/\/d-avoir-trop-trinque-ma-vie-s-est-arretee.com\/index.php\/extraits-choisis\/\" \/>\n<meta property=\"og:site_name\" content=\"D&#039;avoir trop trinqu\u00e9 ma vie s&#039;est arr\u00eat\u00e9e - Baptiste Mulliez &amp; Judith Lossmann\" \/>\n<meta property=\"article:modified_time\" content=\"2022-06-20T07:16:03+00:00\" \/>\n<meta name=\"twitter:card\" content=\"summary_large_image\" \/>\n<meta name=\"twitter:label1\" content=\"Dur\u00e9e de lecture estim\u00e9e\" \/>\n\t<meta name=\"twitter:data1\" content=\"4 minutes\" \/>\n<script type=\"application\/ld+json\" class=\"yoast-schema-graph\">{\"@context\":\"https:\/\/schema.org\",\"@graph\":[{\"@type\":\"WebPage\",\"@id\":\"https:\/\/d-avoir-trop-trinque-ma-vie-s-est-arretee.com\/index.php\/extraits-choisis\/\",\"url\":\"https:\/\/d-avoir-trop-trinque-ma-vie-s-est-arretee.com\/index.php\/extraits-choisis\/\",\"name\":\"Extraits choisis - D&#039;avoir trop trinqu\u00e9 ma vie s&#039;est arr\u00eat\u00e9e - Baptiste Mulliez &amp; Judith Lossmann\",\"isPartOf\":{\"@id\":\"https:\/\/d-avoir-trop-trinque-ma-vie-s-est-arretee.com\/#website\"},\"datePublished\":\"2022-06-17T08:31:57+00:00\",\"dateModified\":\"2022-06-20T07:16:03+00:00\",\"breadcrumb\":{\"@id\":\"https:\/\/d-avoir-trop-trinque-ma-vie-s-est-arretee.com\/index.php\/extraits-choisis\/#breadcrumb\"},\"inLanguage\":\"fr-FR\",\"potentialAction\":[{\"@type\":\"ReadAction\",\"target\":[\"https:\/\/d-avoir-trop-trinque-ma-vie-s-est-arretee.com\/index.php\/extraits-choisis\/\"]}]},{\"@type\":\"BreadcrumbList\",\"@id\":\"https:\/\/d-avoir-trop-trinque-ma-vie-s-est-arretee.com\/index.php\/extraits-choisis\/#breadcrumb\",\"itemListElement\":[{\"@type\":\"ListItem\",\"position\":1,\"name\":\"Accueil\",\"item\":\"https:\/\/d-avoir-trop-trinque-ma-vie-s-est-arretee.com\/\"},{\"@type\":\"ListItem\",\"position\":2,\"name\":\"Extraits choisis\"}]},{\"@type\":\"WebSite\",\"@id\":\"https:\/\/d-avoir-trop-trinque-ma-vie-s-est-arretee.com\/#website\",\"url\":\"https:\/\/d-avoir-trop-trinque-ma-vie-s-est-arretee.com\/\",\"name\":\"D&#039;avoir trop trinqu\u00e9 ma vie s&#039;est arr\u00eat\u00e9e - Baptiste Mulliez &amp; Judith Lossmann\",\"description\":\"\",\"potentialAction\":[{\"@type\":\"SearchAction\",\"target\":{\"@type\":\"EntryPoint\",\"urlTemplate\":\"https:\/\/d-avoir-trop-trinque-ma-vie-s-est-arretee.com\/?s={search_term_string}\"},\"query-input\":\"required name=search_term_string\"}],\"inLanguage\":\"fr-FR\"}]}<\/script>\n<!-- \/ Yoast SEO plugin. -->","yoast_head_json":{"title":"Extraits choisis - D&#039;avoir trop trinqu\u00e9 ma vie s&#039;est arr\u00eat\u00e9e - Baptiste Mulliez &amp; Judith Lossmann","robots":{"index":"index","follow":"follow","max-snippet":"max-snippet:-1","max-image-preview":"max-image-preview:large","max-video-preview":"max-video-preview:-1"},"canonical":"https:\/\/d-avoir-trop-trinque-ma-vie-s-est-arretee.com\/index.php\/extraits-choisis\/","og_locale":"fr_FR","og_type":"article","og_title":"Extraits choisis - D&#039;avoir trop trinqu\u00e9 ma vie s&#039;est arr\u00eat\u00e9e - Baptiste Mulliez &amp; Judith Lossmann","og_description":"extraits choisis Temps un : les origines Londres ? (\u2026)Est-ce l\u00e0 o\u00f9 tout a commenc\u00e9 ? (\u2026)J\u2019ai d\u00e9test\u00e9 que Maman m\u2019arrache \u00e0 mon monde id\u00e9al.*** Nous \u00e9tions l\u2019\u00e9lite intellectuelle de demain. (\u2026)Jouer au foot aurait g\u00e2ch\u00e9 un potentiel.*** J\u2019ai commenc\u00e9 \u00e0 boire comme tout le mondemais j\u2019ignorais que mes cellules n\u2019\u00e9taient pas celles de tout [&hellip;]","og_url":"https:\/\/d-avoir-trop-trinque-ma-vie-s-est-arretee.com\/index.php\/extraits-choisis\/","og_site_name":"D&#039;avoir trop trinqu\u00e9 ma vie s&#039;est arr\u00eat\u00e9e - Baptiste Mulliez &amp; Judith Lossmann","article_modified_time":"2022-06-20T07:16:03+00:00","twitter_card":"summary_large_image","twitter_misc":{"Dur\u00e9e de lecture estim\u00e9e":"4 minutes"},"schema":{"@context":"https:\/\/schema.org","@graph":[{"@type":"WebPage","@id":"https:\/\/d-avoir-trop-trinque-ma-vie-s-est-arretee.com\/index.php\/extraits-choisis\/","url":"https:\/\/d-avoir-trop-trinque-ma-vie-s-est-arretee.com\/index.php\/extraits-choisis\/","name":"Extraits choisis - D&#039;avoir trop trinqu\u00e9 ma vie s&#039;est arr\u00eat\u00e9e - Baptiste Mulliez &amp; Judith Lossmann","isPartOf":{"@id":"https:\/\/d-avoir-trop-trinque-ma-vie-s-est-arretee.com\/#website"},"datePublished":"2022-06-17T08:31:57+00:00","dateModified":"2022-06-20T07:16:03+00:00","breadcrumb":{"@id":"https:\/\/d-avoir-trop-trinque-ma-vie-s-est-arretee.com\/index.php\/extraits-choisis\/#breadcrumb"},"inLanguage":"fr-FR","potentialAction":[{"@type":"ReadAction","target":["https:\/\/d-avoir-trop-trinque-ma-vie-s-est-arretee.com\/index.php\/extraits-choisis\/"]}]},{"@type":"BreadcrumbList","@id":"https:\/\/d-avoir-trop-trinque-ma-vie-s-est-arretee.com\/index.php\/extraits-choisis\/#breadcrumb","itemListElement":[{"@type":"ListItem","position":1,"name":"Accueil","item":"https:\/\/d-avoir-trop-trinque-ma-vie-s-est-arretee.com\/"},{"@type":"ListItem","position":2,"name":"Extraits choisis"}]},{"@type":"WebSite","@id":"https:\/\/d-avoir-trop-trinque-ma-vie-s-est-arretee.com\/#website","url":"https:\/\/d-avoir-trop-trinque-ma-vie-s-est-arretee.com\/","name":"D&#039;avoir trop trinqu\u00e9 ma vie s&#039;est arr\u00eat\u00e9e - Baptiste Mulliez &amp; Judith Lossmann","description":"","potentialAction":[{"@type":"SearchAction","target":{"@type":"EntryPoint","urlTemplate":"https:\/\/d-avoir-trop-trinque-ma-vie-s-est-arretee.com\/?s={search_term_string}"},"query-input":"required name=search_term_string"}],"inLanguage":"fr-FR"}]}},"_links":{"self":[{"href":"https:\/\/d-avoir-trop-trinque-ma-vie-s-est-arretee.com\/index.php\/wp-json\/wp\/v2\/pages\/1832"}],"collection":[{"href":"https:\/\/d-avoir-trop-trinque-ma-vie-s-est-arretee.com\/index.php\/wp-json\/wp\/v2\/pages"}],"about":[{"href":"https:\/\/d-avoir-trop-trinque-ma-vie-s-est-arretee.com\/index.php\/wp-json\/wp\/v2\/types\/page"}],"author":[{"embeddable":true,"href":"https:\/\/d-avoir-trop-trinque-ma-vie-s-est-arretee.com\/index.php\/wp-json\/wp\/v2\/users\/5"}],"replies":[{"embeddable":true,"href":"https:\/\/d-avoir-trop-trinque-ma-vie-s-est-arretee.com\/index.php\/wp-json\/wp\/v2\/comments?post=1832"}],"version-history":[{"count":38,"href":"https:\/\/d-avoir-trop-trinque-ma-vie-s-est-arretee.com\/index.php\/wp-json\/wp\/v2\/pages\/1832\/revisions"}],"predecessor-version":[{"id":2635,"href":"https:\/\/d-avoir-trop-trinque-ma-vie-s-est-arretee.com\/index.php\/wp-json\/wp\/v2\/pages\/1832\/revisions\/2635"}],"wp:attachment":[{"href":"https:\/\/d-avoir-trop-trinque-ma-vie-s-est-arretee.com\/index.php\/wp-json\/wp\/v2\/media?parent=1832"}],"curies":[{"name":"wp","href":"https:\/\/api.w.org\/{rel}","templated":true}]}}