{"id":1866,"date":"2022-06-17T10:47:13","date_gmt":"2022-06-17T08:47:13","guid":{"rendered":"https:\/\/d-avoir-trop-trinque-ma-vie-s-est-arretee.com\/?page_id=1866"},"modified":"2023-11-02T17:00:21","modified_gmt":"2023-11-02T16:00:21","slug":"les-coulisses-du-livre","status":"publish","type":"page","link":"https:\/\/d-avoir-trop-trinque-ma-vie-s-est-arretee.com\/index.php\/les-coulisses-du-livre\/","title":{"rendered":"Les coulisses du livre"},"content":{"rendered":"\t\t<div data-elementor-type=\"wp-page\" data-elementor-id=\"1866\" class=\"elementor elementor-1866\">\n\t\t\t\t\t\t\t\t\t<section class=\"elementor-section elementor-top-section elementor-element elementor-element-3d7817c7 elementor-section-boxed elementor-section-height-default elementor-section-height-default\" data-id=\"3d7817c7\" data-element_type=\"section\">\n\t\t\t\t\t\t<div class=\"elementor-container elementor-column-gap-default\">\n\t\t\t\t\t<div class=\"elementor-column elementor-col-100 elementor-top-column elementor-element elementor-element-2fde0d3e\" data-id=\"2fde0d3e\" data-element_type=\"column\">\n\t\t\t<div class=\"elementor-widget-wrap elementor-element-populated\">\n\t\t\t\t\t\t\t\t<div class=\"elementor-element elementor-element-61c462a6 elementor-widget elementor-widget-heading\" data-id=\"61c462a6\" data-element_type=\"widget\" data-widget_type=\"heading.default\">\n\t\t\t\t<div class=\"elementor-widget-container\">\n\t\t\t<style>\/*! elementor - v3.6.6 - 08-06-2022 *\/\n.elementor-heading-title{padding:0;margin:0;line-height:1}.elementor-widget-heading .elementor-heading-title[class*=elementor-size-]>a{color:inherit;font-size:inherit;line-height:inherit}.elementor-widget-heading .elementor-heading-title.elementor-size-small{font-size:15px}.elementor-widget-heading .elementor-heading-title.elementor-size-medium{font-size:19px}.elementor-widget-heading .elementor-heading-title.elementor-size-large{font-size:29px}.elementor-widget-heading .elementor-heading-title.elementor-size-xl{font-size:39px}.elementor-widget-heading .elementor-heading-title.elementor-size-xxl{font-size:59px}<\/style><h2 class=\"elementor-heading-title elementor-size-default\">Les coulisses du livre<\/h2>\t\t<\/div>\n\t\t\t\t<\/div>\n\t\t\t\t\t<\/div>\n\t\t<\/div>\n\t\t\t\t\t\t\t<\/div>\n\t\t<\/section>\n\t\t\t\t<section class=\"elementor-section elementor-top-section elementor-element elementor-element-3b4b253 elementor-section-boxed elementor-section-height-default elementor-section-height-default\" data-id=\"3b4b253\" data-element_type=\"section\">\n\t\t\t\t\t\t<div class=\"elementor-container elementor-column-gap-default\">\n\t\t\t\t\t<div class=\"elementor-column elementor-col-100 elementor-top-column elementor-element elementor-element-f04eadb\" data-id=\"f04eadb\" data-element_type=\"column\">\n\t\t\t<div class=\"elementor-widget-wrap elementor-element-populated\">\n\t\t\t\t\t\t\t\t<div class=\"elementor-element elementor-element-e039620 elementor-widget elementor-widget-image\" data-id=\"e039620\" data-element_type=\"widget\" data-widget_type=\"image.default\">\n\t\t\t\t<div class=\"elementor-widget-container\">\n\t\t\t<style>\/*! elementor - v3.6.6 - 08-06-2022 *\/\n.elementor-widget-image{text-align:center}.elementor-widget-image a{display:inline-block}.elementor-widget-image a img[src$=\".svg\"]{width:48px}.elementor-widget-image img{vertical-align:middle;display:inline-block}<\/style>\t\t\t\t\t\t\t\t\t\t\t\t<img width=\"800\" height=\"568\" src=\"https:\/\/d-avoir-trop-trinque-ma-vie-s-est-arretee.com\/wp-content\/uploads\/2020\/11\/veroom-5172-1024x727.jpg\" class=\"attachment-large size-large\" alt=\"\" loading=\"lazy\" srcset=\"https:\/\/d-avoir-trop-trinque-ma-vie-s-est-arretee.com\/wp-content\/uploads\/2020\/11\/veroom-5172-1024x727.jpg 1024w, https:\/\/d-avoir-trop-trinque-ma-vie-s-est-arretee.com\/wp-content\/uploads\/2020\/11\/veroom-5172-scaled-600x426.jpg 600w, https:\/\/d-avoir-trop-trinque-ma-vie-s-est-arretee.com\/wp-content\/uploads\/2020\/11\/veroom-5172-300x213.jpg 300w, https:\/\/d-avoir-trop-trinque-ma-vie-s-est-arretee.com\/wp-content\/uploads\/2020\/11\/veroom-5172-768x545.jpg 768w, https:\/\/d-avoir-trop-trinque-ma-vie-s-est-arretee.com\/wp-content\/uploads\/2020\/11\/veroom-5172-1536x1090.jpg 1536w, https:\/\/d-avoir-trop-trinque-ma-vie-s-est-arretee.com\/wp-content\/uploads\/2020\/11\/veroom-5172-2048x1454.jpg 2048w, https:\/\/d-avoir-trop-trinque-ma-vie-s-est-arretee.com\/wp-content\/uploads\/2020\/11\/veroom-5172-163x116.jpg 163w\" sizes=\"(max-width: 800px) 100vw, 800px\" \/>\t\t\t\t\t\t\t\t\t\t\t\t\t\t\t<\/div>\n\t\t\t\t<\/div>\n\t\t\t\t<div class=\"elementor-element elementor-element-9db55d4 elementor-widget elementor-widget-text-editor\" data-id=\"9db55d4\" data-element_type=\"widget\" data-widget_type=\"text-editor.default\">\n\t\t\t\t<div class=\"elementor-widget-container\">\n\t\t\t<style>\/*! elementor - v3.6.6 - 08-06-2022 *\/\n.elementor-widget-text-editor.elementor-drop-cap-view-stacked .elementor-drop-cap{background-color:#818a91;color:#fff}.elementor-widget-text-editor.elementor-drop-cap-view-framed .elementor-drop-cap{color:#818a91;border:3px solid;background-color:transparent}.elementor-widget-text-editor:not(.elementor-drop-cap-view-default) .elementor-drop-cap{margin-top:8px}.elementor-widget-text-editor:not(.elementor-drop-cap-view-default) .elementor-drop-cap-letter{width:1em;height:1em}.elementor-widget-text-editor .elementor-drop-cap{float:left;text-align:center;line-height:1;font-size:50px}.elementor-widget-text-editor .elementor-drop-cap-letter{display:inline-block}<\/style>\t\t\t\t<p><em>La VEroom du livre.<\/em><\/p>\t\t\t\t\t\t<\/div>\n\t\t\t\t<\/div>\n\t\t\t\t\t<\/div>\n\t\t<\/div>\n\t\t\t\t\t\t\t<\/div>\n\t\t<\/section>\n\t\t\t\t<section class=\"elementor-section elementor-top-section elementor-element elementor-element-d7f24ce elementor-section-boxed elementor-section-height-default elementor-section-height-default\" data-id=\"d7f24ce\" data-element_type=\"section\">\n\t\t\t\t\t\t<div class=\"elementor-container elementor-column-gap-default\">\n\t\t\t\t\t<div class=\"elementor-column elementor-col-100 elementor-top-column elementor-element elementor-element-c050de5\" data-id=\"c050de5\" data-element_type=\"column\">\n\t\t\t<div class=\"elementor-widget-wrap elementor-element-populated\">\n\t\t\t\t\t\t\t\t<div class=\"elementor-element elementor-element-33c2b76 elementor-widget elementor-widget-text-editor\" data-id=\"33c2b76\" data-element_type=\"widget\" data-widget_type=\"text-editor.default\">\n\t\t\t\t<div class=\"elementor-widget-container\">\n\t\t\t\t\t\t\t<p><strong>Hier\u2026<\/strong><br>J\u2019\u00e9tais un alcoolique au dernier degr\u00e9 du supportable. Devenu sobre, au prix d\u2019efforts insens\u00e9s, je voulais aider \u00e0 mon tour, exprimer les choses. Pour moi cet engagement relevait de l\u2019utilit\u00e9 publique. J\u2019\u00e9tais pr\u00eat \u00e0 aller au fond des choses, \u00e0 ne rien occulter, \u00e0 parler de ma reconstruction et des rechutes li\u00e9es \u00e0 un socle instable de la sobri\u00e9t\u00e9.<br>Je voulais raconter mon histoire et c\u2019\u00e9tait pour la bonne cause. L\u2019id\u00e9e centrale c\u2019\u00e9tait uniquement la transmission d\u2019exp\u00e9riences. Je voulais dire aux autres : \u00ab Voyez, vous n\u2019\u00eates pas seul, moi aussi j\u2019ai \u00e9t\u00e9 addict et je m\u2019en suis sorti. \u00bb Il me fallait trouver quelqu\u2019un pour m\u2019aider \u00e0 \u00e9crire, d\u00e9passer mes vingt premi\u00e8res pages et tout \u00e0 la fin, trouver un \u00e9diteur. Bref, entrer dans un sch\u00e9ma classique.<\/p>\n<p><strong>Pendant\u2026<\/strong><br>Cadeau de la vie ! J\u2019ai trouv\u00e9 la bonne personne pour commencer ce travail d\u2019\u00e9criture. Judith. Non seulement elle a adh\u00e9r\u00e9 mais elle a fait explos\u00e9 ce projet de livre dans d\u2019autres dimensions : psychanalytique, testimonial, curative.<br>Comme nous le disons dans \u00ab D\u2019avoir trop trinqu\u00e9 ma vie s\u2019est arr\u00eat\u00e9e \u00bb, elle r\u00eavait grand. Parfois m\u00eame, je trouvais qu\u2019elle r\u00eavait trop grand pour moi.<br>En fait, on d\u00e9passait ensemble nos petits \u00e9gos, nos int\u00e9r\u00eats. Si nous n\u2019avions pens\u00e9 qu\u2019\u00e0 nos gains, je n\u2019aurais pas vid\u00e9 mon compte \u00e9pargne et Judith n\u2019aurait pas boss\u00e9 gratuit pendant deux ans. Chacun de nous a fait d\u2019\u00e9normes sacrifices, des choix, des investissements. Ensemble, nous nous sommes effac\u00e9s devant l\u2019ampleur de la t\u00e2che. L\u2019id\u00e9e n\u2019\u00e9tait pas et n\u2019est toujours pas de faire parler de nous ou de poser nos deux noms sur une couverture. Non, l\u2019id\u00e9e qui soutend l\u2019\u00e9criture de ces deux livres \u00ab Fragments d\u2019alcool \u00bb et \u00ab D\u2019avoir trop trinqu\u00e9 ma vie s\u2019est arr\u00eat\u00e9e \u00bb, c\u2019est d\u2019\u00eatre les porte-paroles d\u2019une cause commune : affronter nos maux pour en gu\u00e9rir et lutter contre l\u2019addiction alcoolique. Parfois, ce fut tr\u00e8s dur ! Mais nous avons toujours conserv\u00e9 notre ligne de conduite. Nous n\u2019avons pas c\u00e9d\u00e9 au compromis. Pas c\u00e9d\u00e9 au ras-le-bol.<br>Pendant\u2026 c\u2019\u00e9tait grandir, s\u2019affirmer, se d\u00e9couvrir, \u00eatre ! Tout ce qui sortait de mes tripes pendant les s\u00e9ances, je l\u2019\u00e9coutais. Je faisais taire mes mauvaises pens\u00e9es. J\u2019\u00e9coutais ma petite voix qui m\u2019invitait \u00e0 poursuivre. Jour apr\u00e8s jour, les bienfaits de l\u2019\u00e9criture et de la Litt\u00e9roTh\u00e9rapie s\u2019exportaient dans le cercle familial, \u00e9largissaient les horizons de ma famille, de mes amis et les miens. De semaine en semaine je me connaissais mieux. J\u2019explorais un continent : moi !<\/p>\n<p><strong>Demain\u2026<\/strong><br>Demain, c\u2019est prendre des positions, construire ma vie autour de ce travail. D\u00e9fendre cette cause est devenu ma nourriture, mon projet de vie professionnelle au travers de ma mission de Patient expert. Et comme le dit Judith : l\u2019histoire n\u2019est pas finie !<br>Afin de porter loin, haut et fort ce long et important travail, nous esp\u00e9rons des adaptations de \u00ab Fragments d\u2019alcool \u00bb et \u00ab D\u2019avoir trop trinqu\u00e9 ma vie s\u2019est arr\u00eat\u00e9e \u00bb pour le th\u00e9\u00e2tre, la TV ou le cin\u00e9ma, la BD\u2026 tous m\u00e9dias capables de modifier en profondeur la perception que la soci\u00e9t\u00e9 a de l\u2019alcool. La \u00ab mission \u00bb est immense parce que le fl\u00e9au l\u2019est aussi. Il nous faudra bien \u00e7a pour commencer \u00e0 faire bouger les mentalit\u00e9s. D\u2019ailleurs, mais c\u2019est en Off, nous travaillons sur la cr\u00e9ation d\u2019un label destin\u00e9 \u00e0 soutenir tous ceux qui veulent am\u00e9liorer leur relation \u00e0 l\u2019alcool. Nous vous en parlerons dans quelques semaines&#8230; quand nous serons pr\u00eats.<\/p>\n<p style=\"text-align: left;\"><strong>Pour toujours\u2026<\/strong><br>Baptiste et moi avons cr\u00e9\u00e9 une relation en-dedans et au-del\u00e0 du livre. Sur le papier tout nous s\u00e9parait, l\u2019\u00e2ge (et je r\u00e9clame la fin de cette s\u00e9gr\u00e9gation par l\u2019\u00e2ge), la classe sociale, l\u2019\u00e9ducation\u2026 Bref, si l\u2019on a une vision restreinte des \u00ab possibles \u00bb, notre relation d\u2019amiti\u00e9 et de grande affection \u00e9tait impossible.<br>Dans les faits, Baptiste a trouv\u00e9 une amie et moi un ami. Derri\u00e8re l\u2019objet livre que vous tenez entre vos mains, il y a deux humains, avec des \u00e9motions communes et des objectifs communs. Avec moi Baptiste a r\u00e9alis\u00e9 une master classe en litt\u00e9rature et en analyse. Avec lui, j\u2019ai fait une descente en terre d\u2019alcoolisme et de d\u00e9tresse adolescente. Et gr\u00e2ce \u00e0 lui, j\u2019ai trouv\u00e9 de merveilleuses raisons de transmettre.<br>De la Litt\u00e9roTh\u00e9rapie \u00e0 D\u2019avoir trop trinqu\u00e9 ma vie s\u2019est arr\u00eat\u00e9e en passant par Fragments d\u2019alcool, avoir \u00e9t\u00e9 alcoolique a chang\u00e9 le destin de Baptiste et le mien.<\/p>\n<p><strong>9 novembre 2020 (en plein second confinement Covid)<\/strong><\/p>\t\t\t\t\t\t<\/div>\n\t\t\t\t<\/div>\n\t\t\t\t\t<\/div>\n\t\t<\/div>\n\t\t\t\t\t\t\t<\/div>\n\t\t<\/section>\n\t\t\t\t\t\t\t<\/div>\n\t\t","protected":false},"excerpt":{"rendered":"<p>Les coulisses du livre La VEroom du livre. Hier\u2026J\u2019\u00e9tais un alcoolique au dernier degr\u00e9 du supportable. Devenu sobre, au prix d\u2019efforts insens\u00e9s, je voulais aider \u00e0 mon tour, exprimer les choses. Pour moi cet engagement relevait de l\u2019utilit\u00e9 publique. J\u2019\u00e9tais pr\u00eat \u00e0 aller au fond des choses, \u00e0 ne rien occulter, \u00e0 parler de ma [&hellip;]<\/p>\n","protected":false},"author":5,"featured_media":0,"parent":0,"menu_order":0,"comment_status":"closed","ping_status":"closed","template":"elementor_header_footer","meta":[],"yoast_head":"<!-- This site is optimized with the Yoast SEO plugin v19.14 - https:\/\/yoast.com\/wordpress\/plugins\/seo\/ -->\n<title>Les coulisses du livre - D&#039;avoir trop trinqu\u00e9 ma vie s&#039;est arr\u00eat\u00e9e - Baptiste Mulliez &amp; Judith Lossmann<\/title>\n<meta name=\"robots\" content=\"index, follow, max-snippet:-1, max-image-preview:large, max-video-preview:-1\" \/>\n<link rel=\"canonical\" href=\"https:\/\/d-avoir-trop-trinque-ma-vie-s-est-arretee.com\/index.php\/les-coulisses-du-livre\/\" \/>\n<meta property=\"og:locale\" content=\"fr_FR\" \/>\n<meta property=\"og:type\" content=\"article\" \/>\n<meta property=\"og:title\" content=\"Les coulisses du livre - D&#039;avoir trop trinqu\u00e9 ma vie s&#039;est arr\u00eat\u00e9e - Baptiste Mulliez &amp; Judith Lossmann\" \/>\n<meta property=\"og:description\" content=\"Les coulisses du livre La VEroom du livre. Hier\u2026J\u2019\u00e9tais un alcoolique au dernier degr\u00e9 du supportable. Devenu sobre, au prix d\u2019efforts insens\u00e9s, je voulais aider \u00e0 mon tour, exprimer les choses. Pour moi cet engagement relevait de l\u2019utilit\u00e9 publique. J\u2019\u00e9tais pr\u00eat \u00e0 aller au fond des choses, \u00e0 ne rien occulter, \u00e0 parler de ma [&hellip;]\" \/>\n<meta property=\"og:url\" content=\"https:\/\/d-avoir-trop-trinque-ma-vie-s-est-arretee.com\/index.php\/les-coulisses-du-livre\/\" \/>\n<meta property=\"og:site_name\" content=\"D&#039;avoir trop trinqu\u00e9 ma vie s&#039;est arr\u00eat\u00e9e - Baptiste Mulliez &amp; Judith Lossmann\" \/>\n<meta property=\"article:modified_time\" content=\"2023-11-02T16:00:21+00:00\" \/>\n<meta property=\"og:image\" content=\"https:\/\/d-avoir-trop-trinque-ma-vie-s-est-arretee.com\/wp-content\/uploads\/2020\/11\/veroom-5172-1024x727.jpg\" \/>\n<meta name=\"twitter:card\" content=\"summary_large_image\" \/>\n<meta name=\"twitter:label1\" content=\"Dur\u00e9e de lecture estim\u00e9e\" \/>\n\t<meta name=\"twitter:data1\" content=\"4 minutes\" \/>\n<script type=\"application\/ld+json\" class=\"yoast-schema-graph\">{\"@context\":\"https:\/\/schema.org\",\"@graph\":[{\"@type\":\"WebPage\",\"@id\":\"https:\/\/d-avoir-trop-trinque-ma-vie-s-est-arretee.com\/index.php\/les-coulisses-du-livre\/\",\"url\":\"https:\/\/d-avoir-trop-trinque-ma-vie-s-est-arretee.com\/index.php\/les-coulisses-du-livre\/\",\"name\":\"Les coulisses du livre - D&#039;avoir trop trinqu\u00e9 ma vie s&#039;est arr\u00eat\u00e9e - Baptiste Mulliez &amp; Judith Lossmann\",\"isPartOf\":{\"@id\":\"https:\/\/d-avoir-trop-trinque-ma-vie-s-est-arretee.com\/#website\"},\"datePublished\":\"2022-06-17T08:47:13+00:00\",\"dateModified\":\"2023-11-02T16:00:21+00:00\",\"breadcrumb\":{\"@id\":\"https:\/\/d-avoir-trop-trinque-ma-vie-s-est-arretee.com\/index.php\/les-coulisses-du-livre\/#breadcrumb\"},\"inLanguage\":\"fr-FR\",\"potentialAction\":[{\"@type\":\"ReadAction\",\"target\":[\"https:\/\/d-avoir-trop-trinque-ma-vie-s-est-arretee.com\/index.php\/les-coulisses-du-livre\/\"]}]},{\"@type\":\"BreadcrumbList\",\"@id\":\"https:\/\/d-avoir-trop-trinque-ma-vie-s-est-arretee.com\/index.php\/les-coulisses-du-livre\/#breadcrumb\",\"itemListElement\":[{\"@type\":\"ListItem\",\"position\":1,\"name\":\"Accueil\",\"item\":\"https:\/\/d-avoir-trop-trinque-ma-vie-s-est-arretee.com\/\"},{\"@type\":\"ListItem\",\"position\":2,\"name\":\"Les coulisses du livre\"}]},{\"@type\":\"WebSite\",\"@id\":\"https:\/\/d-avoir-trop-trinque-ma-vie-s-est-arretee.com\/#website\",\"url\":\"https:\/\/d-avoir-trop-trinque-ma-vie-s-est-arretee.com\/\",\"name\":\"D&#039;avoir trop trinqu\u00e9 ma vie s&#039;est arr\u00eat\u00e9e - Baptiste Mulliez &amp; Judith Lossmann\",\"description\":\"\",\"potentialAction\":[{\"@type\":\"SearchAction\",\"target\":{\"@type\":\"EntryPoint\",\"urlTemplate\":\"https:\/\/d-avoir-trop-trinque-ma-vie-s-est-arretee.com\/?s={search_term_string}\"},\"query-input\":\"required name=search_term_string\"}],\"inLanguage\":\"fr-FR\"}]}<\/script>\n<!-- \/ Yoast SEO plugin. -->","yoast_head_json":{"title":"Les coulisses du livre - D&#039;avoir trop trinqu\u00e9 ma vie s&#039;est arr\u00eat\u00e9e - Baptiste Mulliez &amp; Judith Lossmann","robots":{"index":"index","follow":"follow","max-snippet":"max-snippet:-1","max-image-preview":"max-image-preview:large","max-video-preview":"max-video-preview:-1"},"canonical":"https:\/\/d-avoir-trop-trinque-ma-vie-s-est-arretee.com\/index.php\/les-coulisses-du-livre\/","og_locale":"fr_FR","og_type":"article","og_title":"Les coulisses du livre - D&#039;avoir trop trinqu\u00e9 ma vie s&#039;est arr\u00eat\u00e9e - Baptiste Mulliez &amp; Judith Lossmann","og_description":"Les coulisses du livre La VEroom du livre. Hier\u2026J\u2019\u00e9tais un alcoolique au dernier degr\u00e9 du supportable. Devenu sobre, au prix d\u2019efforts insens\u00e9s, je voulais aider \u00e0 mon tour, exprimer les choses. Pour moi cet engagement relevait de l\u2019utilit\u00e9 publique. J\u2019\u00e9tais pr\u00eat \u00e0 aller au fond des choses, \u00e0 ne rien occulter, \u00e0 parler de ma [&hellip;]","og_url":"https:\/\/d-avoir-trop-trinque-ma-vie-s-est-arretee.com\/index.php\/les-coulisses-du-livre\/","og_site_name":"D&#039;avoir trop trinqu\u00e9 ma vie s&#039;est arr\u00eat\u00e9e - Baptiste Mulliez &amp; Judith Lossmann","article_modified_time":"2023-11-02T16:00:21+00:00","og_image":[{"url":"https:\/\/d-avoir-trop-trinque-ma-vie-s-est-arretee.com\/wp-content\/uploads\/2020\/11\/veroom-5172-1024x727.jpg"}],"twitter_card":"summary_large_image","twitter_misc":{"Dur\u00e9e de lecture estim\u00e9e":"4 minutes"},"schema":{"@context":"https:\/\/schema.org","@graph":[{"@type":"WebPage","@id":"https:\/\/d-avoir-trop-trinque-ma-vie-s-est-arretee.com\/index.php\/les-coulisses-du-livre\/","url":"https:\/\/d-avoir-trop-trinque-ma-vie-s-est-arretee.com\/index.php\/les-coulisses-du-livre\/","name":"Les coulisses du livre - D&#039;avoir trop trinqu\u00e9 ma vie s&#039;est arr\u00eat\u00e9e - Baptiste Mulliez &amp; Judith Lossmann","isPartOf":{"@id":"https:\/\/d-avoir-trop-trinque-ma-vie-s-est-arretee.com\/#website"},"datePublished":"2022-06-17T08:47:13+00:00","dateModified":"2023-11-02T16:00:21+00:00","breadcrumb":{"@id":"https:\/\/d-avoir-trop-trinque-ma-vie-s-est-arretee.com\/index.php\/les-coulisses-du-livre\/#breadcrumb"},"inLanguage":"fr-FR","potentialAction":[{"@type":"ReadAction","target":["https:\/\/d-avoir-trop-trinque-ma-vie-s-est-arretee.com\/index.php\/les-coulisses-du-livre\/"]}]},{"@type":"BreadcrumbList","@id":"https:\/\/d-avoir-trop-trinque-ma-vie-s-est-arretee.com\/index.php\/les-coulisses-du-livre\/#breadcrumb","itemListElement":[{"@type":"ListItem","position":1,"name":"Accueil","item":"https:\/\/d-avoir-trop-trinque-ma-vie-s-est-arretee.com\/"},{"@type":"ListItem","position":2,"name":"Les coulisses du livre"}]},{"@type":"WebSite","@id":"https:\/\/d-avoir-trop-trinque-ma-vie-s-est-arretee.com\/#website","url":"https:\/\/d-avoir-trop-trinque-ma-vie-s-est-arretee.com\/","name":"D&#039;avoir trop trinqu\u00e9 ma vie s&#039;est arr\u00eat\u00e9e - Baptiste Mulliez &amp; Judith Lossmann","description":"","potentialAction":[{"@type":"SearchAction","target":{"@type":"EntryPoint","urlTemplate":"https:\/\/d-avoir-trop-trinque-ma-vie-s-est-arretee.com\/?s={search_term_string}"},"query-input":"required name=search_term_string"}],"inLanguage":"fr-FR"}]}},"_links":{"self":[{"href":"https:\/\/d-avoir-trop-trinque-ma-vie-s-est-arretee.com\/index.php\/wp-json\/wp\/v2\/pages\/1866"}],"collection":[{"href":"https:\/\/d-avoir-trop-trinque-ma-vie-s-est-arretee.com\/index.php\/wp-json\/wp\/v2\/pages"}],"about":[{"href":"https:\/\/d-avoir-trop-trinque-ma-vie-s-est-arretee.com\/index.php\/wp-json\/wp\/v2\/types\/page"}],"author":[{"embeddable":true,"href":"https:\/\/d-avoir-trop-trinque-ma-vie-s-est-arretee.com\/index.php\/wp-json\/wp\/v2\/users\/5"}],"replies":[{"embeddable":true,"href":"https:\/\/d-avoir-trop-trinque-ma-vie-s-est-arretee.com\/index.php\/wp-json\/wp\/v2\/comments?post=1866"}],"version-history":[{"count":31,"href":"https:\/\/d-avoir-trop-trinque-ma-vie-s-est-arretee.com\/index.php\/wp-json\/wp\/v2\/pages\/1866\/revisions"}],"predecessor-version":[{"id":2626,"href":"https:\/\/d-avoir-trop-trinque-ma-vie-s-est-arretee.com\/index.php\/wp-json\/wp\/v2\/pages\/1866\/revisions\/2626"}],"wp:attachment":[{"href":"https:\/\/d-avoir-trop-trinque-ma-vie-s-est-arretee.com\/index.php\/wp-json\/wp\/v2\/media?parent=1866"}],"curies":[{"name":"wp","href":"https:\/\/api.w.org\/{rel}","templated":true}]}}