{"id":204,"date":"2020-11-04T17:08:38","date_gmt":"2020-11-04T16:08:38","guid":{"rendered":"http:\/\/d-avoir-trop-trinque-ma-vie-s-est-arretee.com\/?page_id=204"},"modified":"2022-06-14T15:48:15","modified_gmt":"2022-06-14T13:48:15","slug":"ca-commence-comme-ca","status":"publish","type":"page","link":"https:\/\/d-avoir-trop-trinque-ma-vie-s-est-arretee.com\/index.php\/front-page\/ca-commence-comme-ca\/","title":{"rendered":"\u00c7A COMMENCE COMME \u00c7A\u2026"},"content":{"rendered":"<figure id=\"attachment_285\" aria-describedby=\"caption-attachment-285\" style=\"width: 300px\" class=\"wp-caption alignright\"><img loading=\"lazy\" class=\"wp-image-285\" src=\"http:\/\/d-avoir-trop-trinque-ma-vie-s-est-arretee.com\/wp-content\/uploads\/2020\/11\/2avril-0515-200x300.jpg\" alt=\"\" width=\"300\" height=\"450\" srcset=\"https:\/\/d-avoir-trop-trinque-ma-vie-s-est-arretee.com\/wp-content\/uploads\/2020\/11\/2avril-0515-200x300.jpg 200w, https:\/\/d-avoir-trop-trinque-ma-vie-s-est-arretee.com\/wp-content\/uploads\/2020\/11\/2avril-0515-scaled-600x900.jpg 600w, https:\/\/d-avoir-trop-trinque-ma-vie-s-est-arretee.com\/wp-content\/uploads\/2020\/11\/2avril-0515-683x1024.jpg 683w, https:\/\/d-avoir-trop-trinque-ma-vie-s-est-arretee.com\/wp-content\/uploads\/2020\/11\/2avril-0515-768x1152.jpg 768w, https:\/\/d-avoir-trop-trinque-ma-vie-s-est-arretee.com\/wp-content\/uploads\/2020\/11\/2avril-0515-1024x1536.jpg 1024w, https:\/\/d-avoir-trop-trinque-ma-vie-s-est-arretee.com\/wp-content\/uploads\/2020\/11\/2avril-0515-1365x2048.jpg 1365w, https:\/\/d-avoir-trop-trinque-ma-vie-s-est-arretee.com\/wp-content\/uploads\/2020\/11\/2avril-0515-77x116.jpg 77w, https:\/\/d-avoir-trop-trinque-ma-vie-s-est-arretee.com\/wp-content\/uploads\/2020\/11\/2avril-0515-scaled.jpg 1707w\" sizes=\"(max-width: 300px) 100vw, 300px\" \/><figcaption id=\"caption-attachment-285\" class=\"wp-caption-text\">2 AVRIL<\/figcaption><\/figure>\n<h4 style=\"text-align: left;\"><strong>RUPTURES<\/strong><\/h4>\n<p class=\"p1\"><strong>2 avril &#8211; Dans mon lit &#8211; 15h03<\/strong><br \/>\nIncapable de bouger, incapable de chasser les id\u00e9es noires<br \/>\nqui me hantent, je serre les m\u00e2choires au moindre vertige.<br \/>\nIncrust\u00e9 dans le matelas, le mal-\u00eatre me consume. Je ne<br \/>\ntrouve pas le sommeil malgr\u00e9 les signes alarmants de<br \/>\nfatigue. Les naus\u00e9es me maintiennent \u00e9veill\u00e9. J\u2019ai peur de<br \/>\nm\u2019endormir&#8230; peur que mon cerveau me l\u00e2che, peur que<br \/>\nmon coeur s\u2019arr\u00eate de battre. Ces angoisses sont de plus en<br \/>\nplus fr\u00e9quentes, intenses, poignantes.<\/p>\n<p class=\"p1\"><strong>Flashback !<\/strong><br \/>\nJ\u2019ai 24 ans. Je me revois l\u2019avant-veille, le 31 mars, au bar,<br \/>\nencha\u00eenant les pintes, avec le d\u00e9sir, le besoin de m\u2019abreuver de<br \/>\nce liquide qui r\u00e9chauffe mes veines. Autour de moi, des rires, des<br \/>\npaquets de clopes, des potes d\u2019\u00e9cole de commerce. Manon se<br \/>\nvante de sa soir\u00e9e folle vendredi dernier \u00e0 la Concr\u00e8te, Alexandre<br \/>\nnous romance sa derni\u00e8re conqu\u00eate, Alice parle de ses d\u00e9sirs de<br \/>\nvacances au soleil. Classique ! Moi, je bois. Je plane. Plus rien ne<br \/>\nm\u2019atteint. Je commande ma septi\u00e8me bi\u00e8re. Voil\u00e0, j\u2019ai ma dose !<br \/>\nLa boule d\u2019angoisse a enfin disparue. Mes d\u00e9mons me lib\u00e8rent.<\/p>\n<p class=\"p1\"><strong>2 avril &#8211; Dans mon lit &#8211; 15h05<\/strong><br \/>\nQuel enfer, l\u2019angoisse est revenue ! Tapie au fond de mes<br \/>\nentrailles, elle se cache, se camoufle, puis bondit, affam\u00e9e,<br \/>\npour se saisir de mon coeur. \u00a0\u00bb Chassez le naturel, il revient<br \/>\nau galop. \u00a0\u00bb Ce naturel, ou plus exactement ce qui m\u2019est<br \/>\ndevenu naturel, c\u2019est bien \u00e9videmment la gueule de bois<br \/>\nqui, pour la faire taire, a besoin d\u2019\u00eatre \u00e0 nouveau nourrie<br \/>\npar l\u2019alcool. L\u2019alcool appelle l\u2019alcool et je soigne cette<br \/>\ngueule de bois comme je peux. Je la tabasse sans scrupules<br \/>\n\u00e0 coups de whisky, de rhum, de pastis, bref, de tout ce qui<br \/>\nse boit.<br \/>\nDepuis bien longtemps je ne me maudis plus d\u2019avoir trop<br \/>\nbu, d\u2019avoir pouss\u00e9 le bouchon au-del\u00e0 de mes limites, de<br \/>\nm\u2019\u00eatre encore servi les verres de trop. Mais aujourd&rsquo;hui, je<br \/>\nn\u2019ai m\u00eame plus la force de noyer ma gueule de bois avec (\u00e0 suivre)<\/p>\n","protected":false},"excerpt":{"rendered":"<p>RUPTURES 2 avril &#8211; Dans mon lit &#8211; 15h03 Incapable de bouger, incapable de chasser les id\u00e9es noires qui me hantent, je serre les m\u00e2choires au moindre vertige. Incrust\u00e9 dans le matelas, le mal-\u00eatre me consume. Je ne trouve pas le sommeil malgr\u00e9 les signes alarmants de fatigue. Les naus\u00e9es me maintiennent \u00e9veill\u00e9. J\u2019ai peur [&hellip;]<\/p>\n","protected":false},"author":1,"featured_media":0,"parent":117,"menu_order":0,"comment_status":"closed","ping_status":"closed","template":"","meta":[],"yoast_head":"<!-- This site is optimized with the Yoast SEO plugin v19.14 - https:\/\/yoast.com\/wordpress\/plugins\/seo\/ -->\n<title>\u00c7A COMMENCE COMME \u00c7A\u2026 - D&#039;avoir trop trinqu\u00e9 ma vie s&#039;est arr\u00eat\u00e9e - Baptiste Mulliez &amp; Judith Lossmann<\/title>\n<meta name=\"robots\" content=\"index, follow, max-snippet:-1, max-image-preview:large, max-video-preview:-1\" \/>\n<link rel=\"canonical\" href=\"https:\/\/d-avoir-trop-trinque-ma-vie-s-est-arretee.com\/index.php\/front-page\/ca-commence-comme-ca\/\" \/>\n<meta property=\"og:locale\" content=\"fr_FR\" \/>\n<meta property=\"og:type\" content=\"article\" \/>\n<meta property=\"og:title\" content=\"\u00c7A COMMENCE COMME \u00c7A\u2026 - D&#039;avoir trop trinqu\u00e9 ma vie s&#039;est arr\u00eat\u00e9e - Baptiste Mulliez &amp; Judith Lossmann\" \/>\n<meta property=\"og:description\" content=\"RUPTURES 2 avril &#8211; Dans mon lit &#8211; 15h03 Incapable de bouger, incapable de chasser les id\u00e9es noires qui me hantent, je serre les m\u00e2choires au moindre vertige. Incrust\u00e9 dans le matelas, le mal-\u00eatre me consume. Je ne trouve pas le sommeil malgr\u00e9 les signes alarmants de fatigue. Les naus\u00e9es me maintiennent \u00e9veill\u00e9. J\u2019ai peur [&hellip;]\" \/>\n<meta property=\"og:url\" content=\"https:\/\/d-avoir-trop-trinque-ma-vie-s-est-arretee.com\/index.php\/front-page\/ca-commence-comme-ca\/\" \/>\n<meta property=\"og:site_name\" content=\"D&#039;avoir trop trinqu\u00e9 ma vie s&#039;est arr\u00eat\u00e9e - Baptiste Mulliez &amp; Judith Lossmann\" \/>\n<meta property=\"article:modified_time\" content=\"2022-06-14T13:48:15+00:00\" \/>\n<meta property=\"og:image\" content=\"http:\/\/d-avoir-trop-trinque-ma-vie-s-est-arretee.com\/wp-content\/uploads\/2020\/11\/2avril-0515-200x300.jpg\" \/>\n<meta name=\"twitter:card\" content=\"summary_large_image\" \/>\n<meta name=\"twitter:label1\" content=\"Dur\u00e9e de lecture estim\u00e9e\" \/>\n\t<meta name=\"twitter:data1\" content=\"2 minutes\" \/>\n<script type=\"application\/ld+json\" class=\"yoast-schema-graph\">{\"@context\":\"https:\/\/schema.org\",\"@graph\":[{\"@type\":\"WebPage\",\"@id\":\"https:\/\/d-avoir-trop-trinque-ma-vie-s-est-arretee.com\/index.php\/front-page\/ca-commence-comme-ca\/\",\"url\":\"https:\/\/d-avoir-trop-trinque-ma-vie-s-est-arretee.com\/index.php\/front-page\/ca-commence-comme-ca\/\",\"name\":\"\u00c7A COMMENCE COMME \u00c7A\u2026 - D&#039;avoir trop trinqu\u00e9 ma vie s&#039;est arr\u00eat\u00e9e - Baptiste Mulliez &amp; Judith Lossmann\",\"isPartOf\":{\"@id\":\"https:\/\/d-avoir-trop-trinque-ma-vie-s-est-arretee.com\/#website\"},\"datePublished\":\"2020-11-04T16:08:38+00:00\",\"dateModified\":\"2022-06-14T13:48:15+00:00\",\"breadcrumb\":{\"@id\":\"https:\/\/d-avoir-trop-trinque-ma-vie-s-est-arretee.com\/index.php\/front-page\/ca-commence-comme-ca\/#breadcrumb\"},\"inLanguage\":\"fr-FR\",\"potentialAction\":[{\"@type\":\"ReadAction\",\"target\":[\"https:\/\/d-avoir-trop-trinque-ma-vie-s-est-arretee.com\/index.php\/front-page\/ca-commence-comme-ca\/\"]}]},{\"@type\":\"BreadcrumbList\",\"@id\":\"https:\/\/d-avoir-trop-trinque-ma-vie-s-est-arretee.com\/index.php\/front-page\/ca-commence-comme-ca\/#breadcrumb\",\"itemListElement\":[{\"@type\":\"ListItem\",\"position\":1,\"name\":\"Accueil\",\"item\":\"https:\/\/d-avoir-trop-trinque-ma-vie-s-est-arretee.com\/\"},{\"@type\":\"ListItem\",\"position\":2,\"name\":\"Front Page\",\"item\":\"https:\/\/d-avoir-trop-trinque-ma-vie-s-est-arretee.com\/index.php\/front-page\/\"},{\"@type\":\"ListItem\",\"position\":3,\"name\":\"\u00c7A COMMENCE COMME \u00c7A\u2026\"}]},{\"@type\":\"WebSite\",\"@id\":\"https:\/\/d-avoir-trop-trinque-ma-vie-s-est-arretee.com\/#website\",\"url\":\"https:\/\/d-avoir-trop-trinque-ma-vie-s-est-arretee.com\/\",\"name\":\"D&#039;avoir trop trinqu\u00e9 ma vie s&#039;est arr\u00eat\u00e9e - Baptiste Mulliez &amp; Judith Lossmann\",\"description\":\"\",\"potentialAction\":[{\"@type\":\"SearchAction\",\"target\":{\"@type\":\"EntryPoint\",\"urlTemplate\":\"https:\/\/d-avoir-trop-trinque-ma-vie-s-est-arretee.com\/?s={search_term_string}\"},\"query-input\":\"required name=search_term_string\"}],\"inLanguage\":\"fr-FR\"}]}<\/script>\n<!-- \/ Yoast SEO plugin. -->","yoast_head_json":{"title":"\u00c7A COMMENCE COMME \u00c7A\u2026 - D&#039;avoir trop trinqu\u00e9 ma vie s&#039;est arr\u00eat\u00e9e - Baptiste Mulliez &amp; Judith Lossmann","robots":{"index":"index","follow":"follow","max-snippet":"max-snippet:-1","max-image-preview":"max-image-preview:large","max-video-preview":"max-video-preview:-1"},"canonical":"https:\/\/d-avoir-trop-trinque-ma-vie-s-est-arretee.com\/index.php\/front-page\/ca-commence-comme-ca\/","og_locale":"fr_FR","og_type":"article","og_title":"\u00c7A COMMENCE COMME \u00c7A\u2026 - D&#039;avoir trop trinqu\u00e9 ma vie s&#039;est arr\u00eat\u00e9e - Baptiste Mulliez &amp; Judith Lossmann","og_description":"RUPTURES 2 avril &#8211; Dans mon lit &#8211; 15h03 Incapable de bouger, incapable de chasser les id\u00e9es noires qui me hantent, je serre les m\u00e2choires au moindre vertige. Incrust\u00e9 dans le matelas, le mal-\u00eatre me consume. Je ne trouve pas le sommeil malgr\u00e9 les signes alarmants de fatigue. Les naus\u00e9es me maintiennent \u00e9veill\u00e9. J\u2019ai peur [&hellip;]","og_url":"https:\/\/d-avoir-trop-trinque-ma-vie-s-est-arretee.com\/index.php\/front-page\/ca-commence-comme-ca\/","og_site_name":"D&#039;avoir trop trinqu\u00e9 ma vie s&#039;est arr\u00eat\u00e9e - Baptiste Mulliez &amp; Judith Lossmann","article_modified_time":"2022-06-14T13:48:15+00:00","og_image":[{"url":"http:\/\/d-avoir-trop-trinque-ma-vie-s-est-arretee.com\/wp-content\/uploads\/2020\/11\/2avril-0515-200x300.jpg"}],"twitter_card":"summary_large_image","twitter_misc":{"Dur\u00e9e de lecture estim\u00e9e":"2 minutes"},"schema":{"@context":"https:\/\/schema.org","@graph":[{"@type":"WebPage","@id":"https:\/\/d-avoir-trop-trinque-ma-vie-s-est-arretee.com\/index.php\/front-page\/ca-commence-comme-ca\/","url":"https:\/\/d-avoir-trop-trinque-ma-vie-s-est-arretee.com\/index.php\/front-page\/ca-commence-comme-ca\/","name":"\u00c7A COMMENCE COMME \u00c7A\u2026 - D&#039;avoir trop trinqu\u00e9 ma vie s&#039;est arr\u00eat\u00e9e - Baptiste Mulliez &amp; Judith Lossmann","isPartOf":{"@id":"https:\/\/d-avoir-trop-trinque-ma-vie-s-est-arretee.com\/#website"},"datePublished":"2020-11-04T16:08:38+00:00","dateModified":"2022-06-14T13:48:15+00:00","breadcrumb":{"@id":"https:\/\/d-avoir-trop-trinque-ma-vie-s-est-arretee.com\/index.php\/front-page\/ca-commence-comme-ca\/#breadcrumb"},"inLanguage":"fr-FR","potentialAction":[{"@type":"ReadAction","target":["https:\/\/d-avoir-trop-trinque-ma-vie-s-est-arretee.com\/index.php\/front-page\/ca-commence-comme-ca\/"]}]},{"@type":"BreadcrumbList","@id":"https:\/\/d-avoir-trop-trinque-ma-vie-s-est-arretee.com\/index.php\/front-page\/ca-commence-comme-ca\/#breadcrumb","itemListElement":[{"@type":"ListItem","position":1,"name":"Accueil","item":"https:\/\/d-avoir-trop-trinque-ma-vie-s-est-arretee.com\/"},{"@type":"ListItem","position":2,"name":"Front Page","item":"https:\/\/d-avoir-trop-trinque-ma-vie-s-est-arretee.com\/index.php\/front-page\/"},{"@type":"ListItem","position":3,"name":"\u00c7A COMMENCE COMME \u00c7A\u2026"}]},{"@type":"WebSite","@id":"https:\/\/d-avoir-trop-trinque-ma-vie-s-est-arretee.com\/#website","url":"https:\/\/d-avoir-trop-trinque-ma-vie-s-est-arretee.com\/","name":"D&#039;avoir trop trinqu\u00e9 ma vie s&#039;est arr\u00eat\u00e9e - Baptiste Mulliez &amp; Judith Lossmann","description":"","potentialAction":[{"@type":"SearchAction","target":{"@type":"EntryPoint","urlTemplate":"https:\/\/d-avoir-trop-trinque-ma-vie-s-est-arretee.com\/?s={search_term_string}"},"query-input":"required name=search_term_string"}],"inLanguage":"fr-FR"}]}},"_links":{"self":[{"href":"https:\/\/d-avoir-trop-trinque-ma-vie-s-est-arretee.com\/index.php\/wp-json\/wp\/v2\/pages\/204"}],"collection":[{"href":"https:\/\/d-avoir-trop-trinque-ma-vie-s-est-arretee.com\/index.php\/wp-json\/wp\/v2\/pages"}],"about":[{"href":"https:\/\/d-avoir-trop-trinque-ma-vie-s-est-arretee.com\/index.php\/wp-json\/wp\/v2\/types\/page"}],"author":[{"embeddable":true,"href":"https:\/\/d-avoir-trop-trinque-ma-vie-s-est-arretee.com\/index.php\/wp-json\/wp\/v2\/users\/1"}],"replies":[{"embeddable":true,"href":"https:\/\/d-avoir-trop-trinque-ma-vie-s-est-arretee.com\/index.php\/wp-json\/wp\/v2\/comments?post=204"}],"version-history":[{"count":23,"href":"https:\/\/d-avoir-trop-trinque-ma-vie-s-est-arretee.com\/index.php\/wp-json\/wp\/v2\/pages\/204\/revisions"}],"predecessor-version":[{"id":1508,"href":"https:\/\/d-avoir-trop-trinque-ma-vie-s-est-arretee.com\/index.php\/wp-json\/wp\/v2\/pages\/204\/revisions\/1508"}],"up":[{"embeddable":true,"href":"https:\/\/d-avoir-trop-trinque-ma-vie-s-est-arretee.com\/index.php\/wp-json\/wp\/v2\/pages\/117"}],"wp:attachment":[{"href":"https:\/\/d-avoir-trop-trinque-ma-vie-s-est-arretee.com\/index.php\/wp-json\/wp\/v2\/media?parent=204"}],"curies":[{"name":"wp","href":"https:\/\/api.w.org\/{rel}","templated":true}]}}