{"id":227,"date":"2020-11-04T18:04:22","date_gmt":"2020-11-04T17:04:22","guid":{"rendered":"http:\/\/d-avoir-trop-trinque-ma-vie-s-est-arretee.com\/?page_id=227"},"modified":"2021-09-02T11:09:12","modified_gmt":"2021-09-02T09:09:12","slug":"les-coulisses-du-livre","status":"publish","type":"page","link":"https:\/\/d-avoir-trop-trinque-ma-vie-s-est-arretee.com\/index.php\/front-page\/les-coulisses-du-livre\/","title":{"rendered":"LES COULISSES DU LIVRE"},"content":{"rendered":"<figure id=\"attachment_260\" aria-describedby=\"caption-attachment-260\" style=\"width: 2560px\" class=\"wp-caption alignnone\"><img loading=\"lazy\" class=\"wp-image-260 size-full\" src=\"http:\/\/d-avoir-trop-trinque-ma-vie-s-est-arretee.com\/wp-content\/uploads\/2020\/11\/veroom-5172-scaled.jpg\" alt=\"\" width=\"2560\" height=\"1817\" srcset=\"https:\/\/d-avoir-trop-trinque-ma-vie-s-est-arretee.com\/wp-content\/uploads\/2020\/11\/veroom-5172-scaled.jpg 2560w, https:\/\/d-avoir-trop-trinque-ma-vie-s-est-arretee.com\/wp-content\/uploads\/2020\/11\/veroom-5172-scaled-600x426.jpg 600w, https:\/\/d-avoir-trop-trinque-ma-vie-s-est-arretee.com\/wp-content\/uploads\/2020\/11\/veroom-5172-300x213.jpg 300w, https:\/\/d-avoir-trop-trinque-ma-vie-s-est-arretee.com\/wp-content\/uploads\/2020\/11\/veroom-5172-1024x727.jpg 1024w, https:\/\/d-avoir-trop-trinque-ma-vie-s-est-arretee.com\/wp-content\/uploads\/2020\/11\/veroom-5172-768x545.jpg 768w, https:\/\/d-avoir-trop-trinque-ma-vie-s-est-arretee.com\/wp-content\/uploads\/2020\/11\/veroom-5172-1536x1090.jpg 1536w, https:\/\/d-avoir-trop-trinque-ma-vie-s-est-arretee.com\/wp-content\/uploads\/2020\/11\/veroom-5172-2048x1454.jpg 2048w, https:\/\/d-avoir-trop-trinque-ma-vie-s-est-arretee.com\/wp-content\/uploads\/2020\/11\/veroom-5172-163x116.jpg 163w\" sizes=\"(max-width: 2560px) 100vw, 2560px\" \/><figcaption id=\"caption-attachment-260\" class=\"wp-caption-text\">La VEroom du livre.<\/figcaption><\/figure>\n<h4>Hier\u2026<br \/>\nJ&rsquo;\u00e9tais un alcoolique au dernier degr\u00e9 du supportable. Devenu sobre, au prix d&rsquo;efforts insens\u00e9s, je voulais aider \u00e0 mon tour, exprimer les choses. Pour moi cet engagement relevait de l&rsquo;utilit\u00e9 publique. J&rsquo;\u00e9tais pr\u00eat \u00e0 aller au fond des choses, \u00e0 ne rien occulter, \u00e0 parler de ma reconstruction et des rechutes li\u00e9es \u00e0 un socle instable de la sobri\u00e9t\u00e9.<br \/>\nJe voulais raconter mon histoire et c&rsquo;\u00e9tait pour la bonne cause. L&rsquo;id\u00e9e centrale c&rsquo;\u00e9tait uniquement la transmission d&rsquo;exp\u00e9riences. Je voulais dire aux autres : \u00ab\u00a0Voyez, vous n&rsquo;\u00eates pas seul, moi aussi j&rsquo;ai \u00e9t\u00e9 addict et je m&rsquo;en suis sorti.\u00a0\u00bb Il me fallait trouver quelqu&rsquo;un pour m&rsquo;aider \u00e0 \u00e9crire, d\u00e9passer mes vingt premi\u00e8res pages et tout \u00e0 la fin, trouver un \u00e9diteur. Bref, entrer dans un sch\u00e9ma classique.<\/h4>\n<h4>Pendant\u2026<br \/>\nCadeau de la vie ! J&rsquo;ai trouv\u00e9 la bonne personne pour commencer ce travail d&rsquo;\u00e9criture. Judith. Non seulement elle a adh\u00e9r\u00e9 mais elle a fait explos\u00e9 ce projet de livre dans d&rsquo;autres dimensions : psychanalytique, testimonial, curative.<br \/>\nComme nous le disons dans \u00ab\u00a0D&rsquo;avoir trop trinqu\u00e9 ma vie s&rsquo;est arr\u00eat\u00e9e\u00a0\u00bb, elle r\u00eavait grand. Parfois m\u00eame, je trouvais qu&rsquo;elle r\u00eavait trop grand pour moi.<br \/>\nEn fait, on d\u00e9passait ensemble nos petits \u00e9gos, nos int\u00e9r\u00eats. Si nous n&rsquo;avions pens\u00e9 qu&rsquo;\u00e0 nos gains, je n&rsquo;aurais pas vid\u00e9 mon compte \u00e9pargne et Judith n&rsquo;aurait pas boss\u00e9 gratuit pendant deux ans. Chacun de nous a fait d&rsquo;\u00e9normes sacrifices, des choix, des investissements. Ensemble, nous nous sommes effac\u00e9s devant l&rsquo;ampleur de la t\u00e2che. L&rsquo;id\u00e9e n&rsquo;\u00e9tait pas et n&rsquo;est toujours pas de faire parler de nous ou de poser nos deux noms sur une couverture. Non, l&rsquo;id\u00e9e qui soutend l&rsquo;\u00e9criture de ces deux livres \u00ab\u00a0Fragments d&rsquo;alcool\u00a0\u00bb et \u00ab\u00a0D&rsquo;avoir trop trinqu\u00e9 ma vie s&rsquo;est arr\u00eat\u00e9e\u00a0\u00bb, c&rsquo;est d&rsquo;\u00eatre les porte-paroles d&rsquo;une cause commune : affronter nos maux pour en gu\u00e9rir et lutter contre l&rsquo;addiction alcoolique. Parfois, ce fut tr\u00e8s dur ! Mais nous avons toujours conserv\u00e9 notre ligne de conduite. Nous n&rsquo;avons pas c\u00e9d\u00e9 au compromis. Pas c\u00e9d\u00e9 au ras-le-bol.<\/h4>\n<h4>Pendant\u2026 c&rsquo;\u00e9tait grandir, s&rsquo;affirmer, se d\u00e9couvrir, \u00eatre ! Tout ce qui sortait de mes tripes pendant les s\u00e9ances, je l&rsquo;\u00e9coutais. Je faisais taire mes mauvaises pens\u00e9es. J&rsquo;\u00e9coutais ma petite voix qui m&rsquo;invitait \u00e0 poursuivre. Jour apr\u00e8s jour, les bienfaits de l&rsquo;\u00e9criture et de la Litt\u00e9roTh\u00e9rapie s&rsquo;exportaient dans le cercle familial, \u00e9largissaient les horizons de ma famille, de mes amis et les miens. De semaine en semaine je me connaissais mieux. J&rsquo;explorais un continent : moi !<\/h4>\n<h4>Demain\u2026<br \/>\nDemain, c&rsquo;est prendre des positions, construire ma vie autour de ce travail. D\u00e9fendre cette cause est devenu ma nourriture, mon projet de vie professionnelle au travers de ma mission de Patient expert. Et comme le dit Judith : l&rsquo;histoire n&rsquo;est pas finie !<br \/>\nAfin de porter loin, haut et fort ce long et important travail, nous esp\u00e9rons des adaptations de \u00ab\u00a0Fragments d&rsquo;alcool\u00a0\u00bb et \u00ab\u00a0D&rsquo;avoir trop trinqu\u00e9 ma vie s&rsquo;est arr\u00eat\u00e9e\u00a0\u00bb pour le th\u00e9\u00e2tre, la TV ou le cin\u00e9ma, la BD\u2026 tous m\u00e9dias capables de modifier en profondeur la perception que la soci\u00e9t\u00e9 a de l&rsquo;alcool. La \u00ab\u00a0mission\u00a0\u00bb est immense parce que le fl\u00e9au l&rsquo;est aussi. Il nous faudra bien \u00e7a pour commencer \u00e0 faire bouger les mentalit\u00e9s. D&rsquo;ailleurs, mais c&rsquo;est en Off, nous travaillons sur la cr\u00e9ation d&rsquo;un label destin\u00e9 \u00e0 soutenir tous ceux qui veulent am\u00e9liorer leur relation \u00e0 l&rsquo;alcool. Nous vous en parlerons dans quelques semaines.<\/h4>\n<h4>Pour toujours\u2026<br \/>\nBaptiste et moi avons cr\u00e9\u00e9 une relation en-dedans et au-del\u00e0 du livre.\u00a0Sur le papier tout nous s\u00e9parait, l&rsquo;\u00e2ge (et je r\u00e9clame la fin de cette s\u00e9gr\u00e9gation par l&rsquo;\u00e2ge), la classe sociale, l&rsquo;\u00e9duction\u2026 Bref, si l&rsquo;on a une vision restreinte des \u00ab\u00a0possibles\u00a0\u00bb, notre relation d&rsquo;amiti\u00e9 et de grande affection \u00e9tait impossible.<br \/>\nDans les faits, Baptiste a trouv\u00e9 une amie et moi un ami. Derri\u00e8re l&rsquo;objet livre que vous tenez entre vos mains, il y a deux humains, avec des \u00e9motions communes et des objectifs communs. Avec moi Baptiste a r\u00e9alis\u00e9 une master classe en litt\u00e9rature et en analyse. Avec lui, j&rsquo;en ai fait une en terre d&rsquo;alcoolisme et de d\u00e9tresse adolescente. Et gr\u00e2ce \u00e0 lui, j&rsquo;ai trouv\u00e9 de merveilleuses raisons de transmettre.<\/h4>\n<h4>De la Litt\u00e9roTh\u00e9rapie \u00e0 D&rsquo;avoir trop trinqu\u00e9 ma vie s&rsquo;est arr\u00eat\u00e9e en passant par Fragments d&rsquo;alcool, avoir \u00e9t\u00e9 alcoolique a chang\u00e9 le destin de Baptiste et le mien.<\/h4>\n<h4 style=\"text-align: right;\"><em>9 novembre 2020 (en plein second confinement Covid)<\/em><\/h4>\n","protected":false},"excerpt":{"rendered":"<p>Hier\u2026 J&rsquo;\u00e9tais un alcoolique au dernier degr\u00e9 du supportable. Devenu sobre, au prix d&rsquo;efforts insens\u00e9s, je voulais aider \u00e0 mon tour, exprimer les choses. Pour moi cet engagement relevait de l&rsquo;utilit\u00e9 publique. J&rsquo;\u00e9tais pr\u00eat \u00e0 aller au fond des choses, \u00e0 ne rien occulter, \u00e0 parler de ma reconstruction et des rechutes li\u00e9es \u00e0 un [&hellip;]<\/p>\n","protected":false},"author":1,"featured_media":0,"parent":117,"menu_order":0,"comment_status":"closed","ping_status":"closed","template":"page-templates\/full-width.php","meta":[],"yoast_head":"<!-- This site is optimized with the Yoast SEO plugin v19.14 - https:\/\/yoast.com\/wordpress\/plugins\/seo\/ -->\n<title>LES COULISSES DU LIVRE - D&#039;avoir trop trinqu\u00e9 ma vie s&#039;est arr\u00eat\u00e9e - Baptiste Mulliez &amp; Judith Lossmann<\/title>\n<meta name=\"robots\" content=\"index, follow, max-snippet:-1, max-image-preview:large, max-video-preview:-1\" \/>\n<link rel=\"canonical\" href=\"https:\/\/d-avoir-trop-trinque-ma-vie-s-est-arretee.com\/index.php\/front-page\/les-coulisses-du-livre\/\" \/>\n<meta property=\"og:locale\" content=\"fr_FR\" \/>\n<meta property=\"og:type\" content=\"article\" \/>\n<meta property=\"og:title\" content=\"LES COULISSES DU LIVRE - D&#039;avoir trop trinqu\u00e9 ma vie s&#039;est arr\u00eat\u00e9e - Baptiste Mulliez &amp; Judith Lossmann\" \/>\n<meta property=\"og:description\" content=\"Hier\u2026 J&rsquo;\u00e9tais un alcoolique au dernier degr\u00e9 du supportable. Devenu sobre, au prix d&rsquo;efforts insens\u00e9s, je voulais aider \u00e0 mon tour, exprimer les choses. Pour moi cet engagement relevait de l&rsquo;utilit\u00e9 publique. J&rsquo;\u00e9tais pr\u00eat \u00e0 aller au fond des choses, \u00e0 ne rien occulter, \u00e0 parler de ma reconstruction et des rechutes li\u00e9es \u00e0 un [&hellip;]\" \/>\n<meta property=\"og:url\" content=\"https:\/\/d-avoir-trop-trinque-ma-vie-s-est-arretee.com\/index.php\/front-page\/les-coulisses-du-livre\/\" \/>\n<meta property=\"og:site_name\" content=\"D&#039;avoir trop trinqu\u00e9 ma vie s&#039;est arr\u00eat\u00e9e - Baptiste Mulliez &amp; Judith Lossmann\" \/>\n<meta property=\"article:modified_time\" content=\"2021-09-02T09:09:12+00:00\" \/>\n<meta property=\"og:image\" content=\"http:\/\/d-avoir-trop-trinque-ma-vie-s-est-arretee.com\/wp-content\/uploads\/2020\/11\/veroom-5172-scaled.jpg\" \/>\n<meta name=\"twitter:card\" content=\"summary_large_image\" \/>\n<meta name=\"twitter:label1\" content=\"Dur\u00e9e de lecture estim\u00e9e\" \/>\n\t<meta name=\"twitter:data1\" content=\"4 minutes\" \/>\n<script type=\"application\/ld+json\" class=\"yoast-schema-graph\">{\"@context\":\"https:\/\/schema.org\",\"@graph\":[{\"@type\":\"WebPage\",\"@id\":\"https:\/\/d-avoir-trop-trinque-ma-vie-s-est-arretee.com\/index.php\/front-page\/les-coulisses-du-livre\/\",\"url\":\"https:\/\/d-avoir-trop-trinque-ma-vie-s-est-arretee.com\/index.php\/front-page\/les-coulisses-du-livre\/\",\"name\":\"LES COULISSES DU LIVRE - D&#039;avoir trop trinqu\u00e9 ma vie s&#039;est arr\u00eat\u00e9e - Baptiste Mulliez &amp; Judith Lossmann\",\"isPartOf\":{\"@id\":\"https:\/\/d-avoir-trop-trinque-ma-vie-s-est-arretee.com\/#website\"},\"datePublished\":\"2020-11-04T17:04:22+00:00\",\"dateModified\":\"2021-09-02T09:09:12+00:00\",\"breadcrumb\":{\"@id\":\"https:\/\/d-avoir-trop-trinque-ma-vie-s-est-arretee.com\/index.php\/front-page\/les-coulisses-du-livre\/#breadcrumb\"},\"inLanguage\":\"fr-FR\",\"potentialAction\":[{\"@type\":\"ReadAction\",\"target\":[\"https:\/\/d-avoir-trop-trinque-ma-vie-s-est-arretee.com\/index.php\/front-page\/les-coulisses-du-livre\/\"]}]},{\"@type\":\"BreadcrumbList\",\"@id\":\"https:\/\/d-avoir-trop-trinque-ma-vie-s-est-arretee.com\/index.php\/front-page\/les-coulisses-du-livre\/#breadcrumb\",\"itemListElement\":[{\"@type\":\"ListItem\",\"position\":1,\"name\":\"Accueil\",\"item\":\"https:\/\/d-avoir-trop-trinque-ma-vie-s-est-arretee.com\/\"},{\"@type\":\"ListItem\",\"position\":2,\"name\":\"Front Page\",\"item\":\"https:\/\/d-avoir-trop-trinque-ma-vie-s-est-arretee.com\/index.php\/front-page\/\"},{\"@type\":\"ListItem\",\"position\":3,\"name\":\"LES COULISSES DU LIVRE\"}]},{\"@type\":\"WebSite\",\"@id\":\"https:\/\/d-avoir-trop-trinque-ma-vie-s-est-arretee.com\/#website\",\"url\":\"https:\/\/d-avoir-trop-trinque-ma-vie-s-est-arretee.com\/\",\"name\":\"D&#039;avoir trop trinqu\u00e9 ma vie s&#039;est arr\u00eat\u00e9e - Baptiste Mulliez &amp; Judith Lossmann\",\"description\":\"\",\"potentialAction\":[{\"@type\":\"SearchAction\",\"target\":{\"@type\":\"EntryPoint\",\"urlTemplate\":\"https:\/\/d-avoir-trop-trinque-ma-vie-s-est-arretee.com\/?s={search_term_string}\"},\"query-input\":\"required name=search_term_string\"}],\"inLanguage\":\"fr-FR\"}]}<\/script>\n<!-- \/ Yoast SEO plugin. -->","yoast_head_json":{"title":"LES COULISSES DU LIVRE - D&#039;avoir trop trinqu\u00e9 ma vie s&#039;est arr\u00eat\u00e9e - Baptiste Mulliez &amp; Judith Lossmann","robots":{"index":"index","follow":"follow","max-snippet":"max-snippet:-1","max-image-preview":"max-image-preview:large","max-video-preview":"max-video-preview:-1"},"canonical":"https:\/\/d-avoir-trop-trinque-ma-vie-s-est-arretee.com\/index.php\/front-page\/les-coulisses-du-livre\/","og_locale":"fr_FR","og_type":"article","og_title":"LES COULISSES DU LIVRE - D&#039;avoir trop trinqu\u00e9 ma vie s&#039;est arr\u00eat\u00e9e - Baptiste Mulliez &amp; Judith Lossmann","og_description":"Hier\u2026 J&rsquo;\u00e9tais un alcoolique au dernier degr\u00e9 du supportable. Devenu sobre, au prix d&rsquo;efforts insens\u00e9s, je voulais aider \u00e0 mon tour, exprimer les choses. Pour moi cet engagement relevait de l&rsquo;utilit\u00e9 publique. J&rsquo;\u00e9tais pr\u00eat \u00e0 aller au fond des choses, \u00e0 ne rien occulter, \u00e0 parler de ma reconstruction et des rechutes li\u00e9es \u00e0 un [&hellip;]","og_url":"https:\/\/d-avoir-trop-trinque-ma-vie-s-est-arretee.com\/index.php\/front-page\/les-coulisses-du-livre\/","og_site_name":"D&#039;avoir trop trinqu\u00e9 ma vie s&#039;est arr\u00eat\u00e9e - Baptiste Mulliez &amp; Judith Lossmann","article_modified_time":"2021-09-02T09:09:12+00:00","og_image":[{"url":"http:\/\/d-avoir-trop-trinque-ma-vie-s-est-arretee.com\/wp-content\/uploads\/2020\/11\/veroom-5172-scaled.jpg"}],"twitter_card":"summary_large_image","twitter_misc":{"Dur\u00e9e de lecture estim\u00e9e":"4 minutes"},"schema":{"@context":"https:\/\/schema.org","@graph":[{"@type":"WebPage","@id":"https:\/\/d-avoir-trop-trinque-ma-vie-s-est-arretee.com\/index.php\/front-page\/les-coulisses-du-livre\/","url":"https:\/\/d-avoir-trop-trinque-ma-vie-s-est-arretee.com\/index.php\/front-page\/les-coulisses-du-livre\/","name":"LES COULISSES DU LIVRE - D&#039;avoir trop trinqu\u00e9 ma vie s&#039;est arr\u00eat\u00e9e - Baptiste Mulliez &amp; Judith Lossmann","isPartOf":{"@id":"https:\/\/d-avoir-trop-trinque-ma-vie-s-est-arretee.com\/#website"},"datePublished":"2020-11-04T17:04:22+00:00","dateModified":"2021-09-02T09:09:12+00:00","breadcrumb":{"@id":"https:\/\/d-avoir-trop-trinque-ma-vie-s-est-arretee.com\/index.php\/front-page\/les-coulisses-du-livre\/#breadcrumb"},"inLanguage":"fr-FR","potentialAction":[{"@type":"ReadAction","target":["https:\/\/d-avoir-trop-trinque-ma-vie-s-est-arretee.com\/index.php\/front-page\/les-coulisses-du-livre\/"]}]},{"@type":"BreadcrumbList","@id":"https:\/\/d-avoir-trop-trinque-ma-vie-s-est-arretee.com\/index.php\/front-page\/les-coulisses-du-livre\/#breadcrumb","itemListElement":[{"@type":"ListItem","position":1,"name":"Accueil","item":"https:\/\/d-avoir-trop-trinque-ma-vie-s-est-arretee.com\/"},{"@type":"ListItem","position":2,"name":"Front Page","item":"https:\/\/d-avoir-trop-trinque-ma-vie-s-est-arretee.com\/index.php\/front-page\/"},{"@type":"ListItem","position":3,"name":"LES COULISSES DU LIVRE"}]},{"@type":"WebSite","@id":"https:\/\/d-avoir-trop-trinque-ma-vie-s-est-arretee.com\/#website","url":"https:\/\/d-avoir-trop-trinque-ma-vie-s-est-arretee.com\/","name":"D&#039;avoir trop trinqu\u00e9 ma vie s&#039;est arr\u00eat\u00e9e - Baptiste Mulliez &amp; Judith Lossmann","description":"","potentialAction":[{"@type":"SearchAction","target":{"@type":"EntryPoint","urlTemplate":"https:\/\/d-avoir-trop-trinque-ma-vie-s-est-arretee.com\/?s={search_term_string}"},"query-input":"required name=search_term_string"}],"inLanguage":"fr-FR"}]}},"_links":{"self":[{"href":"https:\/\/d-avoir-trop-trinque-ma-vie-s-est-arretee.com\/index.php\/wp-json\/wp\/v2\/pages\/227"}],"collection":[{"href":"https:\/\/d-avoir-trop-trinque-ma-vie-s-est-arretee.com\/index.php\/wp-json\/wp\/v2\/pages"}],"about":[{"href":"https:\/\/d-avoir-trop-trinque-ma-vie-s-est-arretee.com\/index.php\/wp-json\/wp\/v2\/types\/page"}],"author":[{"embeddable":true,"href":"https:\/\/d-avoir-trop-trinque-ma-vie-s-est-arretee.com\/index.php\/wp-json\/wp\/v2\/users\/1"}],"replies":[{"embeddable":true,"href":"https:\/\/d-avoir-trop-trinque-ma-vie-s-est-arretee.com\/index.php\/wp-json\/wp\/v2\/comments?post=227"}],"version-history":[{"count":16,"href":"https:\/\/d-avoir-trop-trinque-ma-vie-s-est-arretee.com\/index.php\/wp-json\/wp\/v2\/pages\/227\/revisions"}],"predecessor-version":[{"id":440,"href":"https:\/\/d-avoir-trop-trinque-ma-vie-s-est-arretee.com\/index.php\/wp-json\/wp\/v2\/pages\/227\/revisions\/440"}],"up":[{"embeddable":true,"href":"https:\/\/d-avoir-trop-trinque-ma-vie-s-est-arretee.com\/index.php\/wp-json\/wp\/v2\/pages\/117"}],"wp:attachment":[{"href":"https:\/\/d-avoir-trop-trinque-ma-vie-s-est-arretee.com\/index.php\/wp-json\/wp\/v2\/media?parent=227"}],"curies":[{"name":"wp","href":"https:\/\/api.w.org\/{rel}","templated":true}]}}