{"id":323,"date":"2021-02-25T17:14:23","date_gmt":"2021-02-25T16:14:23","guid":{"rendered":"http:\/\/d-avoir-trop-trinque-ma-vie-s-est-arretee.com\/?post_type=product&#038;p=323"},"modified":"2026-04-08T12:26:17","modified_gmt":"2026-04-08T10:26:17","slug":"davoir-trop-trinque-ma-vie-sest-arretee","status":"publish","type":"product","link":"https:\/\/d-avoir-trop-trinque-ma-vie-s-est-arretee.com\/index.php\/produit\/davoir-trop-trinque-ma-vie-sest-arretee\/","title":{"rendered":"D&rsquo;avoir trop trinqu\u00e9 ma vie s&rsquo;est arr\u00eat\u00e9e"},"content":{"rendered":"<p>&nbsp;<\/p>\n<p>&nbsp;<\/p>\n","protected":false},"excerpt":{"rendered":"<p>279 pages.<\/p>\n<p>Comprend \u00e0 la fin un \u00ab\u00a0Petit cahier des usages\u00a0 \u00e0 l&rsquo;attention des alcooliques , les abstinents et les autres.\u00a0\u00bb (Tests, conseils, adresses).<\/p>\n<p>Num\u00e9ro ISBN 978235682-946-7<\/p>\n","protected":false},"featured_media":102,"comment_status":"open","ping_status":"closed","template":"","meta":[],"product_cat":[19],"product_tag":[],"yoast_head":"<!-- This site is optimized with the Yoast SEO plugin v19.14 - https:\/\/yoast.com\/wordpress\/plugins\/seo\/ -->\n<title>D&#039;avoir trop trinqu\u00e9 ma vie s&#039;est arr\u00eat\u00e9e - D&#039;avoir trop trinqu\u00e9 ma vie s&#039;est arr\u00eat\u00e9e - Baptiste Mulliez &amp; Judith Lossmann<\/title>\n<meta name=\"robots\" content=\"index, follow, max-snippet:-1, max-image-preview:large, max-video-preview:-1\" \/>\n<link rel=\"canonical\" href=\"https:\/\/d-avoir-trop-trinque-ma-vie-s-est-arretee.com\/index.php\/produit\/davoir-trop-trinque-ma-vie-sest-arretee\/\" \/>\n<meta property=\"og:locale\" content=\"fr_FR\" \/>\n<meta property=\"og:type\" content=\"article\" \/>\n<meta property=\"og:title\" content=\"D&#039;avoir trop trinqu\u00e9 ma vie s&#039;est arr\u00eat\u00e9e - D&#039;avoir trop trinqu\u00e9 ma vie s&#039;est arr\u00eat\u00e9e - Baptiste Mulliez &amp; Judith Lossmann\" \/>\n<meta property=\"og:description\" content=\"279 pages.  Comprend \u00e0 la fin un &quot;Petit cahier des usages\u00a0 \u00e0 l&#039;attention des alcooliques , les abstinents et les autres.&quot; (Tests, conseils, adresses).  Num\u00e9ro ISBN 978235682-946-7\" \/>\n<meta property=\"og:url\" content=\"https:\/\/d-avoir-trop-trinque-ma-vie-s-est-arretee.com\/index.php\/produit\/davoir-trop-trinque-ma-vie-sest-arretee\/\" \/>\n<meta property=\"og:site_name\" content=\"D&#039;avoir trop trinqu\u00e9 ma vie s&#039;est arr\u00eat\u00e9e - Baptiste Mulliez &amp; Judith Lossmann\" \/>\n<meta property=\"article:modified_time\" content=\"2026-04-08T10:26:17+00:00\" \/>\n<meta property=\"og:image\" content=\"https:\/\/d-avoir-trop-trinque-ma-vie-s-est-arretee.com\/wp-content\/uploads\/2020\/10\/couv-d-avoirhd-e1603202954246.jpg\" \/>\n\t<meta property=\"og:image:width\" content=\"1000\" \/>\n\t<meta property=\"og:image:height\" content=\"1475\" \/>\n\t<meta property=\"og:image:type\" content=\"image\/jpeg\" \/>\n<meta name=\"twitter:card\" content=\"summary_large_image\" \/>\n<script type=\"application\/ld+json\" class=\"yoast-schema-graph\">{\"@context\":\"https:\/\/schema.org\",\"@graph\":[{\"@type\":\"WebPage\",\"@id\":\"https:\/\/d-avoir-trop-trinque-ma-vie-s-est-arretee.com\/index.php\/produit\/davoir-trop-trinque-ma-vie-sest-arretee\/\",\"url\":\"https:\/\/d-avoir-trop-trinque-ma-vie-s-est-arretee.com\/index.php\/produit\/davoir-trop-trinque-ma-vie-sest-arretee\/\",\"name\":\"D'avoir trop trinqu\u00e9 ma vie s'est arr\u00eat\u00e9e - D&#039;avoir trop trinqu\u00e9 ma vie s&#039;est arr\u00eat\u00e9e - Baptiste Mulliez &amp; Judith Lossmann\",\"isPartOf\":{\"@id\":\"https:\/\/d-avoir-trop-trinque-ma-vie-s-est-arretee.com\/#website\"},\"datePublished\":\"2021-02-25T16:14:23+00:00\",\"dateModified\":\"2026-04-08T10:26:17+00:00\",\"breadcrumb\":{\"@id\":\"https:\/\/d-avoir-trop-trinque-ma-vie-s-est-arretee.com\/index.php\/produit\/davoir-trop-trinque-ma-vie-sest-arretee\/#breadcrumb\"},\"inLanguage\":\"fr-FR\",\"potentialAction\":[{\"@type\":\"ReadAction\",\"target\":[\"https:\/\/d-avoir-trop-trinque-ma-vie-s-est-arretee.com\/index.php\/produit\/davoir-trop-trinque-ma-vie-sest-arretee\/\"]}]},{\"@type\":\"BreadcrumbList\",\"@id\":\"https:\/\/d-avoir-trop-trinque-ma-vie-s-est-arretee.com\/index.php\/produit\/davoir-trop-trinque-ma-vie-sest-arretee\/#breadcrumb\",\"itemListElement\":[{\"@type\":\"ListItem\",\"position\":1,\"name\":\"Accueil\",\"item\":\"https:\/\/d-avoir-trop-trinque-ma-vie-s-est-arretee.com\/\"},{\"@type\":\"ListItem\",\"position\":2,\"name\":\"Boutique\",\"item\":\"https:\/\/d-avoir-trop-trinque-ma-vie-s-est-arretee.com\/index.php\/boutique\/\"},{\"@type\":\"ListItem\",\"position\":3,\"name\":\"D&rsquo;avoir trop trinqu\u00e9 ma vie s&rsquo;est arr\u00eat\u00e9e\"}]},{\"@type\":\"WebSite\",\"@id\":\"https:\/\/d-avoir-trop-trinque-ma-vie-s-est-arretee.com\/#website\",\"url\":\"https:\/\/d-avoir-trop-trinque-ma-vie-s-est-arretee.com\/\",\"name\":\"D&#039;avoir trop trinqu\u00e9 ma vie s&#039;est arr\u00eat\u00e9e - Baptiste Mulliez &amp; Judith Lossmann\",\"description\":\"\",\"potentialAction\":[{\"@type\":\"SearchAction\",\"target\":{\"@type\":\"EntryPoint\",\"urlTemplate\":\"https:\/\/d-avoir-trop-trinque-ma-vie-s-est-arretee.com\/?s={search_term_string}\"},\"query-input\":\"required name=search_term_string\"}],\"inLanguage\":\"fr-FR\"}]}<\/script>\n<!-- \/ Yoast SEO plugin. -->","yoast_head_json":{"title":"D'avoir trop trinqu\u00e9 ma vie s'est arr\u00eat\u00e9e - D&#039;avoir trop trinqu\u00e9 ma vie s&#039;est arr\u00eat\u00e9e - Baptiste Mulliez &amp; Judith Lossmann","robots":{"index":"index","follow":"follow","max-snippet":"max-snippet:-1","max-image-preview":"max-image-preview:large","max-video-preview":"max-video-preview:-1"},"canonical":"https:\/\/d-avoir-trop-trinque-ma-vie-s-est-arretee.com\/index.php\/produit\/davoir-trop-trinque-ma-vie-sest-arretee\/","og_locale":"fr_FR","og_type":"article","og_title":"D'avoir trop trinqu\u00e9 ma vie s'est arr\u00eat\u00e9e - D&#039;avoir trop trinqu\u00e9 ma vie s&#039;est arr\u00eat\u00e9e - Baptiste Mulliez &amp; Judith Lossmann","og_description":"279 pages.  Comprend \u00e0 la fin un \"Petit cahier des usages\u00a0 \u00e0 l'attention des alcooliques , les abstinents et les autres.\" (Tests, conseils, adresses).  Num\u00e9ro ISBN 978235682-946-7","og_url":"https:\/\/d-avoir-trop-trinque-ma-vie-s-est-arretee.com\/index.php\/produit\/davoir-trop-trinque-ma-vie-sest-arretee\/","og_site_name":"D&#039;avoir trop trinqu\u00e9 ma vie s&#039;est arr\u00eat\u00e9e - Baptiste Mulliez &amp; Judith Lossmann","article_modified_time":"2026-04-08T10:26:17+00:00","og_image":[{"width":1000,"height":1475,"url":"https:\/\/d-avoir-trop-trinque-ma-vie-s-est-arretee.com\/wp-content\/uploads\/2020\/10\/couv-d-avoirhd-e1603202954246.jpg","type":"image\/jpeg"}],"twitter_card":"summary_large_image","schema":{"@context":"https:\/\/schema.org","@graph":[{"@type":"WebPage","@id":"https:\/\/d-avoir-trop-trinque-ma-vie-s-est-arretee.com\/index.php\/produit\/davoir-trop-trinque-ma-vie-sest-arretee\/","url":"https:\/\/d-avoir-trop-trinque-ma-vie-s-est-arretee.com\/index.php\/produit\/davoir-trop-trinque-ma-vie-sest-arretee\/","name":"D'avoir trop trinqu\u00e9 ma vie s'est arr\u00eat\u00e9e - D&#039;avoir trop trinqu\u00e9 ma vie s&#039;est arr\u00eat\u00e9e - Baptiste Mulliez &amp; Judith Lossmann","isPartOf":{"@id":"https:\/\/d-avoir-trop-trinque-ma-vie-s-est-arretee.com\/#website"},"datePublished":"2021-02-25T16:14:23+00:00","dateModified":"2026-04-08T10:26:17+00:00","breadcrumb":{"@id":"https:\/\/d-avoir-trop-trinque-ma-vie-s-est-arretee.com\/index.php\/produit\/davoir-trop-trinque-ma-vie-sest-arretee\/#breadcrumb"},"inLanguage":"fr-FR","potentialAction":[{"@type":"ReadAction","target":["https:\/\/d-avoir-trop-trinque-ma-vie-s-est-arretee.com\/index.php\/produit\/davoir-trop-trinque-ma-vie-sest-arretee\/"]}]},{"@type":"BreadcrumbList","@id":"https:\/\/d-avoir-trop-trinque-ma-vie-s-est-arretee.com\/index.php\/produit\/davoir-trop-trinque-ma-vie-sest-arretee\/#breadcrumb","itemListElement":[{"@type":"ListItem","position":1,"name":"Accueil","item":"https:\/\/d-avoir-trop-trinque-ma-vie-s-est-arretee.com\/"},{"@type":"ListItem","position":2,"name":"Boutique","item":"https:\/\/d-avoir-trop-trinque-ma-vie-s-est-arretee.com\/index.php\/boutique\/"},{"@type":"ListItem","position":3,"name":"D&rsquo;avoir trop trinqu\u00e9 ma vie s&rsquo;est arr\u00eat\u00e9e"}]},{"@type":"WebSite","@id":"https:\/\/d-avoir-trop-trinque-ma-vie-s-est-arretee.com\/#website","url":"https:\/\/d-avoir-trop-trinque-ma-vie-s-est-arretee.com\/","name":"D&#039;avoir trop trinqu\u00e9 ma vie s&#039;est arr\u00eat\u00e9e - Baptiste Mulliez &amp; Judith Lossmann","description":"","potentialAction":[{"@type":"SearchAction","target":{"@type":"EntryPoint","urlTemplate":"https:\/\/d-avoir-trop-trinque-ma-vie-s-est-arretee.com\/?s={search_term_string}"},"query-input":"required name=search_term_string"}],"inLanguage":"fr-FR"}]}},"_links":{"self":[{"href":"https:\/\/d-avoir-trop-trinque-ma-vie-s-est-arretee.com\/index.php\/wp-json\/wp\/v2\/product\/323"}],"collection":[{"href":"https:\/\/d-avoir-trop-trinque-ma-vie-s-est-arretee.com\/index.php\/wp-json\/wp\/v2\/product"}],"about":[{"href":"https:\/\/d-avoir-trop-trinque-ma-vie-s-est-arretee.com\/index.php\/wp-json\/wp\/v2\/types\/product"}],"replies":[{"embeddable":true,"href":"https:\/\/d-avoir-trop-trinque-ma-vie-s-est-arretee.com\/index.php\/wp-json\/wp\/v2\/comments?post=323"}],"wp:featuredmedia":[{"embeddable":true,"href":"https:\/\/d-avoir-trop-trinque-ma-vie-s-est-arretee.com\/index.php\/wp-json\/wp\/v2\/media\/102"}],"wp:attachment":[{"href":"https:\/\/d-avoir-trop-trinque-ma-vie-s-est-arretee.com\/index.php\/wp-json\/wp\/v2\/media?parent=323"}],"wp:term":[{"taxonomy":"product_cat","embeddable":true,"href":"https:\/\/d-avoir-trop-trinque-ma-vie-s-est-arretee.com\/index.php\/wp-json\/wp\/v2\/product_cat?post=323"},{"taxonomy":"product_tag","embeddable":true,"href":"https:\/\/d-avoir-trop-trinque-ma-vie-s-est-arretee.com\/index.php\/wp-json\/wp\/v2\/product_tag?post=323"}],"curies":[{"name":"wp","href":"https:\/\/api.w.org\/{rel}","templated":true}]}}